{"id":105,"date":"2021-01-14T12:26:15","date_gmt":"2021-01-14T12:26:15","guid":{"rendered":"https:\/\/cleanr.lv\/industry?page_id=105"},"modified":"2026-02-04T14:44:33","modified_gmt":"2026-02-04T14:44:33","slug":"cleanr-industry-par-mums","status":"publish","type":"page","link":"https:\/\/cleanr.lv\/industry\/cleanr-industry-par-mums\/","title":{"rendered":"Par mums"},"content":{"rendered":"","protected":false},"excerpt":{"rendered":"","protected":false},"author":1,"featured_media":0,"parent":0,"menu_order":1,"comment_status":"closed","ping_status":"closed","template":"template-about.php","meta":{"_acf_changed":false,"inline_featured_image":false,"footnotes":""},"class_list":["post-105","page","type-page","status-publish","hentry"],"acf":[],"yoast_head":"<!-- This site is optimized with the Yoast SEO plugin v27.0 - https:\/\/yoast.com\/product\/yoast-seo-wordpress\/ -->\n<title>Par Mums | CleanR Industry Atkritumu P\u0101rvald\u012bba un P\u0101rstr\u0101de<\/title>\n<meta name=\"description\" content=\"Uzziniet par CleanR Industry misiju, inov\u0101cij\u0101m un risin\u0101jumiem atkritumu p\u0101rvald\u012bb\u0101 un p\u0101rstr\u0101d\u0113. Esam da\u013ca no Latvijas vado\u0161\u0101s vides pakalpojumu grupas ar m\u0113r\u0137i uzlabot ilgtsp\u0113j\u012bgu n\u0101kotni.\" \/>\n<meta name=\"robots\" content=\"index, follow, max-snippet:-1, max-image-preview:large, max-video-preview:-1\" \/>\n<link rel=\"canonical\" href=\"https:\/\/cleanr.lv\/industry\/cleanr-industry-par-mums\/\" \/>\n<meta property=\"og:locale\" content=\"en_US\" \/>\n<meta property=\"og:type\" content=\"article\" \/>\n<meta property=\"og:title\" content=\"Par Mums | CleanR Industry Atkritumu P\u0101rvald\u012bba un P\u0101rstr\u0101de\" \/>\n<meta property=\"og:description\" content=\"Uzziniet par CleanR Industry misiju, inov\u0101cij\u0101m un risin\u0101jumiem atkritumu p\u0101rvald\u012bb\u0101 un p\u0101rstr\u0101d\u0113. Esam da\u013ca no Latvijas vado\u0161\u0101s vides pakalpojumu grupas ar m\u0113r\u0137i uzlabot ilgtsp\u0113j\u012bgu n\u0101kotni.\" \/>\n<meta property=\"og:url\" content=\"https:\/\/cleanr.lv\/industry\/cleanr-industry-par-mums\/\" \/>\n<meta property=\"og:site_name\" content=\"Industry\" \/>\n<meta property=\"article:modified_time\" content=\"2026-02-04T14:44:33+00:00\" \/>\n<meta name=\"twitter:card\" content=\"summary_large_image\" \/>\n<script type=\"application\/ld+json\" class=\"yoast-schema-graph\">{\"@context\":\"https:\/\/schema.org\",\"@graph\":[{\"@type\":\"WebPage\",\"@id\":\"https:\/\/cleanr.lv\/industry\/cleanr-industry-par-mums\/\",\"url\":\"https:\/\/cleanr.lv\/industry\/cleanr-industry-par-mums\/\",\"name\":\"Par Mums | CleanR Industry Atkritumu P\u0101rvald\u012bba un P\u0101rstr\u0101de\",\"isPartOf\":{\"@id\":\"https:\/\/cleanr.lv\/industry\/#website\"},\"datePublished\":\"2021-01-14T12:26:15+00:00\",\"dateModified\":\"2026-02-04T14:44:33+00:00\",\"description\":\"Uzziniet par CleanR Industry misiju, inov\u0101cij\u0101m un risin\u0101jumiem atkritumu p\u0101rvald\u012bb\u0101 un p\u0101rstr\u0101d\u0113. Esam da\u013ca no Latvijas vado\u0161\u0101s vides pakalpojumu grupas ar m\u0113r\u0137i uzlabot ilgtsp\u0113j\u012bgu n\u0101kotni.\",\"breadcrumb\":{\"@id\":\"https:\/\/cleanr.lv\/industry\/cleanr-industry-par-mums\/#breadcrumb\"},\"inLanguage\":\"en-US\",\"potentialAction\":[{\"@type\":\"ReadAction\",\"target\":[\"https:\/\/cleanr.lv\/industry\/cleanr-industry-par-mums\/\"]}]},{\"@type\":\"BreadcrumbList\",\"@id\":\"https:\/\/cleanr.lv\/industry\/cleanr-industry-par-mums\/#breadcrumb\",\"itemListElement\":[{\"@type\":\"ListItem\",\"position\":1,\"name\":\"Home\",\"item\":\"https:\/\/cleanr.lv\/industry\/\"},{\"@type\":\"ListItem\",\"position\":2,\"name\":\"Par mums\"}]},{\"@type\":\"WebSite\",\"@id\":\"https:\/\/cleanr.lv\/industry\/#website\",\"url\":\"https:\/\/cleanr.lv\/industry\/\",\"name\":\"Industry\",\"description\":\"\",\"potentialAction\":[{\"@type\":\"SearchAction\",\"target\":{\"@type\":\"EntryPoint\",\"urlTemplate\":\"https:\/\/cleanr.lv\/industry\/?s={search_term_string}\"},\"query-input\":{\"@type\":\"PropertyValueSpecification\",\"valueRequired\":true,\"valueName\":\"search_term_string\"}}],\"inLanguage\":\"en-US\"}]}<\/script>\n<!-- \/ Yoast SEO plugin. -->","yoast_head_json":{"title":"Par Mums | CleanR Industry Atkritumu P\u0101rvald\u012bba un P\u0101rstr\u0101de","description":"Uzziniet par CleanR Industry misiju, inov\u0101cij\u0101m un risin\u0101jumiem atkritumu p\u0101rvald\u012bb\u0101 un p\u0101rstr\u0101d\u0113. Esam da\u013ca no Latvijas vado\u0161\u0101s vides pakalpojumu grupas ar m\u0113r\u0137i uzlabot ilgtsp\u0113j\u012bgu n\u0101kotni.","robots":{"index":"index","follow":"follow","max-snippet":"max-snippet:-1","max-image-preview":"max-image-preview:large","max-video-preview":"max-video-preview:-1"},"canonical":"https:\/\/cleanr.lv\/industry\/cleanr-industry-par-mums\/","og_locale":"en_US","og_type":"article","og_title":"Par Mums | CleanR Industry Atkritumu P\u0101rvald\u012bba un P\u0101rstr\u0101de","og_description":"Uzziniet par CleanR Industry misiju, inov\u0101cij\u0101m un risin\u0101jumiem atkritumu p\u0101rvald\u012bb\u0101 un p\u0101rstr\u0101d\u0113. Esam da\u013ca no Latvijas vado\u0161\u0101s vides pakalpojumu grupas ar m\u0113r\u0137i uzlabot ilgtsp\u0113j\u012bgu n\u0101kotni.","og_url":"https:\/\/cleanr.lv\/industry\/cleanr-industry-par-mums\/","og_site_name":"Industry","article_modified_time":"2026-02-04T14:44:33+00:00","twitter_card":"summary_large_image","schema":{"@context":"https:\/\/schema.org","@graph":[{"@type":"WebPage","@id":"https:\/\/cleanr.lv\/industry\/cleanr-industry-par-mums\/","url":"https:\/\/cleanr.lv\/industry\/cleanr-industry-par-mums\/","name":"Par Mums | CleanR Industry Atkritumu P\u0101rvald\u012bba un P\u0101rstr\u0101de","isPartOf":{"@id":"https:\/\/cleanr.lv\/industry\/#website"},"datePublished":"2021-01-14T12:26:15+00:00","dateModified":"2026-02-04T14:44:33+00:00","description":"Uzziniet par CleanR Industry misiju, inov\u0101cij\u0101m un risin\u0101jumiem atkritumu p\u0101rvald\u012bb\u0101 un p\u0101rstr\u0101d\u0113. Esam da\u013ca no Latvijas vado\u0161\u0101s vides pakalpojumu grupas ar m\u0113r\u0137i uzlabot ilgtsp\u0113j\u012bgu n\u0101kotni.","breadcrumb":{"@id":"https:\/\/cleanr.lv\/industry\/cleanr-industry-par-mums\/#breadcrumb"},"inLanguage":"en-US","potentialAction":[{"@type":"ReadAction","target":["https:\/\/cleanr.lv\/industry\/cleanr-industry-par-mums\/"]}]},{"@type":"BreadcrumbList","@id":"https:\/\/cleanr.lv\/industry\/cleanr-industry-par-mums\/#breadcrumb","itemListElement":[{"@type":"ListItem","position":1,"name":"Home","item":"https:\/\/cleanr.lv\/industry\/"},{"@type":"ListItem","position":2,"name":"Par mums"}]},{"@type":"WebSite","@id":"https:\/\/cleanr.lv\/industry\/#website","url":"https:\/\/cleanr.lv\/industry\/","name":"Industry","description":"","potentialAction":[{"@type":"SearchAction","target":{"@type":"EntryPoint","urlTemplate":"https:\/\/cleanr.lv\/industry\/?s={search_term_string}"},"query-input":{"@type":"PropertyValueSpecification","valueRequired":true,"valueName":"search_term_string"}}],"inLanguage":"en-US"}]}},"_links":{"self":[{"href":"https:\/\/cleanr.lv\/industry\/wp-json\/wp\/v2\/pages\/105","targetHints":{"allow":["GET"]}}],"collection":[{"href":"https:\/\/cleanr.lv\/industry\/wp-json\/wp\/v2\/pages"}],"about":[{"href":"https:\/\/cleanr.lv\/industry\/wp-json\/wp\/v2\/types\/page"}],"author":[{"embeddable":true,"href":"https:\/\/cleanr.lv\/industry\/wp-json\/wp\/v2\/users\/1"}],"replies":[{"embeddable":true,"href":"https:\/\/cleanr.lv\/industry\/wp-json\/wp\/v2\/comments?post=105"}],"version-history":[{"count":100,"href":"https:\/\/cleanr.lv\/industry\/wp-json\/wp\/v2\/pages\/105\/revisions"}],"predecessor-version":[{"id":10126,"href":"https:\/\/cleanr.lv\/industry\/wp-json\/wp\/v2\/pages\/105\/revisions\/10126"}],"wp:attachment":[{"href":"https:\/\/cleanr.lv\/industry\/wp-json\/wp\/v2\/media?parent=105"}],"curies":[{"name":"wp","href":"https:\/\/api.w.org\/{rel}","templated":true}]}}