{"id":20,"date":"2021-01-12T09:52:51","date_gmt":"2021-01-12T09:52:51","guid":{"rendered":"https:\/\/cleanr.lv\/industry?page_id=20"},"modified":"2024-11-26T17:20:38","modified_gmt":"2024-11-26T17:20:38","slug":"cleanr-industry","status":"publish","type":"page","link":"https:\/\/cleanr.lv\/industry\/","title":{"rendered":"S\u0101kumlapa"},"content":{"rendered":"","protected":false},"excerpt":{"rendered":"","protected":false},"author":1,"featured_media":0,"parent":0,"menu_order":4,"comment_status":"closed","ping_status":"closed","template":"front-page.php","meta":{"_acf_changed":false,"inline_featured_image":false,"footnotes":""},"class_list":["post-20","page","type-page","status-publish","hentry"],"acf":[],"yoast_head":"<!-- This site is optimized with the Yoast SEO plugin v27.0 - https:\/\/yoast.com\/product\/yoast-seo-wordpress\/ -->\n<title>CleanR Industry | Ilgtsp\u0113j\u012bga Atkritumu P\u0101rstr\u0101de un P\u0101rvald\u012bba<\/title>\n<meta name=\"description\" content=\"CleanR Industry pied\u0101v\u0101 ilgtsp\u0113j\u012bgus risin\u0101jumus atkritumu p\u0101rstr\u0101dei Latvij\u0101, p\u0101rstr\u0101d\u0101jot plastmasu granul\u0101s un ra\u017eojot augstas kvalit\u0101tes kurin\u0101mo. Uzziniet vair\u0101k par m\u016bsu pakalpojumiem un inov\u0101cij\u0101m.\" \/>\n<meta name=\"robots\" content=\"index, follow, max-snippet:-1, max-image-preview:large, max-video-preview:-1\" \/>\n<link rel=\"canonical\" href=\"https:\/\/cleanr.lv\/industry\/\" \/>\n<meta property=\"og:locale\" content=\"en_US\" \/>\n<meta property=\"og:type\" content=\"article\" \/>\n<meta property=\"og:title\" content=\"CleanR Industry | Ilgtsp\u0113j\u012bga Atkritumu P\u0101rstr\u0101de un P\u0101rvald\u012bba\" \/>\n<meta property=\"og:description\" content=\"CleanR Industry pied\u0101v\u0101 ilgtsp\u0113j\u012bgus risin\u0101jumus atkritumu p\u0101rstr\u0101dei Latvij\u0101, p\u0101rstr\u0101d\u0101jot plastmasu granul\u0101s un ra\u017eojot augstas kvalit\u0101tes kurin\u0101mo. Uzziniet vair\u0101k par m\u016bsu pakalpojumiem un inov\u0101cij\u0101m.\" \/>\n<meta property=\"og:url\" content=\"https:\/\/cleanr.lv\/industry\/\" \/>\n<meta property=\"og:site_name\" content=\"Industry\" \/>\n<meta property=\"article:modified_time\" content=\"2024-11-26T17:20:38+00:00\" \/>\n<meta name=\"twitter:card\" content=\"summary_large_image\" \/>\n<script type=\"application\/ld+json\" class=\"yoast-schema-graph\">{\"@context\":\"https:\/\/schema.org\",\"@graph\":[{\"@type\":\"WebPage\",\"@id\":\"https:\/\/cleanr.lv\/industry\/\",\"url\":\"https:\/\/cleanr.lv\/industry\/\",\"name\":\"CleanR Industry | Ilgtsp\u0113j\u012bga Atkritumu P\u0101rstr\u0101de un P\u0101rvald\u012bba\",\"isPartOf\":{\"@id\":\"https:\/\/cleanr.lv\/industry\/#website\"},\"datePublished\":\"2021-01-12T09:52:51+00:00\",\"dateModified\":\"2024-11-26T17:20:38+00:00\",\"description\":\"CleanR Industry pied\u0101v\u0101 ilgtsp\u0113j\u012bgus risin\u0101jumus atkritumu p\u0101rstr\u0101dei Latvij\u0101, p\u0101rstr\u0101d\u0101jot plastmasu granul\u0101s un ra\u017eojot augstas kvalit\u0101tes kurin\u0101mo. Uzziniet vair\u0101k par m\u016bsu pakalpojumiem un inov\u0101cij\u0101m.\",\"breadcrumb\":{\"@id\":\"https:\/\/cleanr.lv\/industry\/#breadcrumb\"},\"inLanguage\":\"en-US\",\"potentialAction\":[{\"@type\":\"ReadAction\",\"target\":[\"https:\/\/cleanr.lv\/industry\/\"]}]},{\"@type\":\"BreadcrumbList\",\"@id\":\"https:\/\/cleanr.lv\/industry\/#breadcrumb\",\"itemListElement\":[{\"@type\":\"ListItem\",\"position\":1,\"name\":\"Home\",\"item\":\"https:\/\/cleanr.lv\/industry\/\"},{\"@type\":\"ListItem\",\"position\":2,\"name\":\"S\u0101kumlapa\"}]},{\"@type\":\"WebSite\",\"@id\":\"https:\/\/cleanr.lv\/industry\/#website\",\"url\":\"https:\/\/cleanr.lv\/industry\/\",\"name\":\"Industry\",\"description\":\"\",\"potentialAction\":[{\"@type\":\"SearchAction\",\"target\":{\"@type\":\"EntryPoint\",\"urlTemplate\":\"https:\/\/cleanr.lv\/industry\/?s={search_term_string}\"},\"query-input\":{\"@type\":\"PropertyValueSpecification\",\"valueRequired\":true,\"valueName\":\"search_term_string\"}}],\"inLanguage\":\"en-US\"}]}<\/script>\n<!-- \/ Yoast SEO plugin. -->","yoast_head_json":{"title":"CleanR Industry | Ilgtsp\u0113j\u012bga Atkritumu P\u0101rstr\u0101de un P\u0101rvald\u012bba","description":"CleanR Industry pied\u0101v\u0101 ilgtsp\u0113j\u012bgus risin\u0101jumus atkritumu p\u0101rstr\u0101dei Latvij\u0101, p\u0101rstr\u0101d\u0101jot plastmasu granul\u0101s un ra\u017eojot augstas kvalit\u0101tes kurin\u0101mo. Uzziniet vair\u0101k par m\u016bsu pakalpojumiem un inov\u0101cij\u0101m.","robots":{"index":"index","follow":"follow","max-snippet":"max-snippet:-1","max-image-preview":"max-image-preview:large","max-video-preview":"max-video-preview:-1"},"canonical":"https:\/\/cleanr.lv\/industry\/","og_locale":"en_US","og_type":"article","og_title":"CleanR Industry | Ilgtsp\u0113j\u012bga Atkritumu P\u0101rstr\u0101de un P\u0101rvald\u012bba","og_description":"CleanR Industry pied\u0101v\u0101 ilgtsp\u0113j\u012bgus risin\u0101jumus atkritumu p\u0101rstr\u0101dei Latvij\u0101, p\u0101rstr\u0101d\u0101jot plastmasu granul\u0101s un ra\u017eojot augstas kvalit\u0101tes kurin\u0101mo. Uzziniet vair\u0101k par m\u016bsu pakalpojumiem un inov\u0101cij\u0101m.","og_url":"https:\/\/cleanr.lv\/industry\/","og_site_name":"Industry","article_modified_time":"2024-11-26T17:20:38+00:00","twitter_card":"summary_large_image","schema":{"@context":"https:\/\/schema.org","@graph":[{"@type":"WebPage","@id":"https:\/\/cleanr.lv\/industry\/","url":"https:\/\/cleanr.lv\/industry\/","name":"CleanR Industry | Ilgtsp\u0113j\u012bga Atkritumu P\u0101rstr\u0101de un P\u0101rvald\u012bba","isPartOf":{"@id":"https:\/\/cleanr.lv\/industry\/#website"},"datePublished":"2021-01-12T09:52:51+00:00","dateModified":"2024-11-26T17:20:38+00:00","description":"CleanR Industry pied\u0101v\u0101 ilgtsp\u0113j\u012bgus risin\u0101jumus atkritumu p\u0101rstr\u0101dei Latvij\u0101, p\u0101rstr\u0101d\u0101jot plastmasu granul\u0101s un ra\u017eojot augstas kvalit\u0101tes kurin\u0101mo. Uzziniet vair\u0101k par m\u016bsu pakalpojumiem un inov\u0101cij\u0101m.","breadcrumb":{"@id":"https:\/\/cleanr.lv\/industry\/#breadcrumb"},"inLanguage":"en-US","potentialAction":[{"@type":"ReadAction","target":["https:\/\/cleanr.lv\/industry\/"]}]},{"@type":"BreadcrumbList","@id":"https:\/\/cleanr.lv\/industry\/#breadcrumb","itemListElement":[{"@type":"ListItem","position":1,"name":"Home","item":"https:\/\/cleanr.lv\/industry\/"},{"@type":"ListItem","position":2,"name":"S\u0101kumlapa"}]},{"@type":"WebSite","@id":"https:\/\/cleanr.lv\/industry\/#website","url":"https:\/\/cleanr.lv\/industry\/","name":"Industry","description":"","potentialAction":[{"@type":"SearchAction","target":{"@type":"EntryPoint","urlTemplate":"https:\/\/cleanr.lv\/industry\/?s={search_term_string}"},"query-input":{"@type":"PropertyValueSpecification","valueRequired":true,"valueName":"search_term_string"}}],"inLanguage":"en-US"}]}},"_links":{"self":[{"href":"https:\/\/cleanr.lv\/industry\/wp-json\/wp\/v2\/pages\/20","targetHints":{"allow":["GET"]}}],"collection":[{"href":"https:\/\/cleanr.lv\/industry\/wp-json\/wp\/v2\/pages"}],"about":[{"href":"https:\/\/cleanr.lv\/industry\/wp-json\/wp\/v2\/types\/page"}],"author":[{"embeddable":true,"href":"https:\/\/cleanr.lv\/industry\/wp-json\/wp\/v2\/users\/1"}],"replies":[{"embeddable":true,"href":"https:\/\/cleanr.lv\/industry\/wp-json\/wp\/v2\/comments?post=20"}],"version-history":[{"count":59,"href":"https:\/\/cleanr.lv\/industry\/wp-json\/wp\/v2\/pages\/20\/revisions"}],"predecessor-version":[{"id":10052,"href":"https:\/\/cleanr.lv\/industry\/wp-json\/wp\/v2\/pages\/20\/revisions\/10052"}],"wp:attachment":[{"href":"https:\/\/cleanr.lv\/industry\/wp-json\/wp\/v2\/media?parent=20"}],"curies":[{"name":"wp","href":"https:\/\/api.w.org\/{rel}","templated":true}]}}