{"id":790,"date":"2021-02-03T12:37:56","date_gmt":"2021-02-03T12:37:56","guid":{"rendered":"https:\/\/cleanr.lv\/industry\/?page_id=790"},"modified":"2026-03-13T10:27:47","modified_gmt":"2026-03-13T10:27:47","slug":"cleanr-industry-komanda","status":"publish","type":"page","link":"https:\/\/cleanr.lv\/industry\/cleanr-industry-komanda\/","title":{"rendered":"Komanda"},"content":{"rendered":"","protected":false},"excerpt":{"rendered":"","protected":false},"author":1,"featured_media":0,"parent":0,"menu_order":1,"comment_status":"closed","ping_status":"closed","template":"template-team.php","meta":{"_acf_changed":false,"inline_featured_image":false,"footnotes":""},"class_list":["post-790","page","type-page","status-publish","hentry"],"acf":[],"yoast_head":"<!-- This site is optimized with the Yoast SEO plugin v27.0 - https:\/\/yoast.com\/product\/yoast-seo-wordpress\/ -->\n<title>Komanda | CleanR Industry Atkritumu P\u0101rvald\u012bbas Eksperti<\/title>\n<meta name=\"description\" content=\"Iepaz\u012bstieties ar CleanR Industry komandu \u2013 profesion\u0101\u013ciem, kuri r\u016bp\u0113jas par inovat\u012bviem un ilgtsp\u0113j\u012bgiem atkritumu p\u0101rvald\u012bbas risin\u0101jumiem Latvij\u0101.\" \/>\n<meta name=\"robots\" content=\"index, follow, max-snippet:-1, max-image-preview:large, max-video-preview:-1\" \/>\n<link rel=\"canonical\" href=\"https:\/\/cleanr.lv\/industry\/cleanr-industry-komanda\/\" \/>\n<meta property=\"og:locale\" content=\"en_US\" \/>\n<meta property=\"og:type\" content=\"article\" \/>\n<meta property=\"og:title\" content=\"Komanda | CleanR Industry Atkritumu P\u0101rvald\u012bbas Eksperti\" \/>\n<meta property=\"og:description\" content=\"Iepaz\u012bstieties ar CleanR Industry komandu \u2013 profesion\u0101\u013ciem, kuri r\u016bp\u0113jas par inovat\u012bviem un ilgtsp\u0113j\u012bgiem atkritumu p\u0101rvald\u012bbas risin\u0101jumiem Latvij\u0101.\" \/>\n<meta property=\"og:url\" content=\"https:\/\/cleanr.lv\/industry\/cleanr-industry-komanda\/\" \/>\n<meta property=\"og:site_name\" content=\"Industry\" \/>\n<meta property=\"article:modified_time\" content=\"2026-03-13T10:27:47+00:00\" \/>\n<meta name=\"twitter:card\" content=\"summary_large_image\" \/>\n<script type=\"application\/ld+json\" class=\"yoast-schema-graph\">{\"@context\":\"https:\/\/schema.org\",\"@graph\":[{\"@type\":\"WebPage\",\"@id\":\"https:\/\/cleanr.lv\/industry\/cleanr-industry-komanda\/\",\"url\":\"https:\/\/cleanr.lv\/industry\/cleanr-industry-komanda\/\",\"name\":\"Komanda | CleanR Industry Atkritumu P\u0101rvald\u012bbas Eksperti\",\"isPartOf\":{\"@id\":\"https:\/\/cleanr.lv\/industry\/#website\"},\"datePublished\":\"2021-02-03T12:37:56+00:00\",\"dateModified\":\"2026-03-13T10:27:47+00:00\",\"description\":\"Iepaz\u012bstieties ar CleanR Industry komandu \u2013 profesion\u0101\u013ciem, kuri r\u016bp\u0113jas par inovat\u012bviem un ilgtsp\u0113j\u012bgiem atkritumu p\u0101rvald\u012bbas risin\u0101jumiem Latvij\u0101.\",\"breadcrumb\":{\"@id\":\"https:\/\/cleanr.lv\/industry\/cleanr-industry-komanda\/#breadcrumb\"},\"inLanguage\":\"en-US\",\"potentialAction\":[{\"@type\":\"ReadAction\",\"target\":[\"https:\/\/cleanr.lv\/industry\/cleanr-industry-komanda\/\"]}]},{\"@type\":\"BreadcrumbList\",\"@id\":\"https:\/\/cleanr.lv\/industry\/cleanr-industry-komanda\/#breadcrumb\",\"itemListElement\":[{\"@type\":\"ListItem\",\"position\":1,\"name\":\"Home\",\"item\":\"https:\/\/cleanr.lv\/industry\/\"},{\"@type\":\"ListItem\",\"position\":2,\"name\":\"Komanda\"}]},{\"@type\":\"WebSite\",\"@id\":\"https:\/\/cleanr.lv\/industry\/#website\",\"url\":\"https:\/\/cleanr.lv\/industry\/\",\"name\":\"Industry\",\"description\":\"\",\"potentialAction\":[{\"@type\":\"SearchAction\",\"target\":{\"@type\":\"EntryPoint\",\"urlTemplate\":\"https:\/\/cleanr.lv\/industry\/?s={search_term_string}\"},\"query-input\":{\"@type\":\"PropertyValueSpecification\",\"valueRequired\":true,\"valueName\":\"search_term_string\"}}],\"inLanguage\":\"en-US\"}]}<\/script>\n<!-- \/ Yoast SEO plugin. -->","yoast_head_json":{"title":"Komanda | CleanR Industry Atkritumu P\u0101rvald\u012bbas Eksperti","description":"Iepaz\u012bstieties ar CleanR Industry komandu \u2013 profesion\u0101\u013ciem, kuri r\u016bp\u0113jas par inovat\u012bviem un ilgtsp\u0113j\u012bgiem atkritumu p\u0101rvald\u012bbas risin\u0101jumiem Latvij\u0101.","robots":{"index":"index","follow":"follow","max-snippet":"max-snippet:-1","max-image-preview":"max-image-preview:large","max-video-preview":"max-video-preview:-1"},"canonical":"https:\/\/cleanr.lv\/industry\/cleanr-industry-komanda\/","og_locale":"en_US","og_type":"article","og_title":"Komanda | CleanR Industry Atkritumu P\u0101rvald\u012bbas Eksperti","og_description":"Iepaz\u012bstieties ar CleanR Industry komandu \u2013 profesion\u0101\u013ciem, kuri r\u016bp\u0113jas par inovat\u012bviem un ilgtsp\u0113j\u012bgiem atkritumu p\u0101rvald\u012bbas risin\u0101jumiem Latvij\u0101.","og_url":"https:\/\/cleanr.lv\/industry\/cleanr-industry-komanda\/","og_site_name":"Industry","article_modified_time":"2026-03-13T10:27:47+00:00","twitter_card":"summary_large_image","schema":{"@context":"https:\/\/schema.org","@graph":[{"@type":"WebPage","@id":"https:\/\/cleanr.lv\/industry\/cleanr-industry-komanda\/","url":"https:\/\/cleanr.lv\/industry\/cleanr-industry-komanda\/","name":"Komanda | CleanR Industry Atkritumu P\u0101rvald\u012bbas Eksperti","isPartOf":{"@id":"https:\/\/cleanr.lv\/industry\/#website"},"datePublished":"2021-02-03T12:37:56+00:00","dateModified":"2026-03-13T10:27:47+00:00","description":"Iepaz\u012bstieties ar CleanR Industry komandu \u2013 profesion\u0101\u013ciem, kuri r\u016bp\u0113jas par inovat\u012bviem un ilgtsp\u0113j\u012bgiem atkritumu p\u0101rvald\u012bbas risin\u0101jumiem Latvij\u0101.","breadcrumb":{"@id":"https:\/\/cleanr.lv\/industry\/cleanr-industry-komanda\/#breadcrumb"},"inLanguage":"en-US","potentialAction":[{"@type":"ReadAction","target":["https:\/\/cleanr.lv\/industry\/cleanr-industry-komanda\/"]}]},{"@type":"BreadcrumbList","@id":"https:\/\/cleanr.lv\/industry\/cleanr-industry-komanda\/#breadcrumb","itemListElement":[{"@type":"ListItem","position":1,"name":"Home","item":"https:\/\/cleanr.lv\/industry\/"},{"@type":"ListItem","position":2,"name":"Komanda"}]},{"@type":"WebSite","@id":"https:\/\/cleanr.lv\/industry\/#website","url":"https:\/\/cleanr.lv\/industry\/","name":"Industry","description":"","potentialAction":[{"@type":"SearchAction","target":{"@type":"EntryPoint","urlTemplate":"https:\/\/cleanr.lv\/industry\/?s={search_term_string}"},"query-input":{"@type":"PropertyValueSpecification","valueRequired":true,"valueName":"search_term_string"}}],"inLanguage":"en-US"}]}},"_links":{"self":[{"href":"https:\/\/cleanr.lv\/industry\/wp-json\/wp\/v2\/pages\/790","targetHints":{"allow":["GET"]}}],"collection":[{"href":"https:\/\/cleanr.lv\/industry\/wp-json\/wp\/v2\/pages"}],"about":[{"href":"https:\/\/cleanr.lv\/industry\/wp-json\/wp\/v2\/types\/page"}],"author":[{"embeddable":true,"href":"https:\/\/cleanr.lv\/industry\/wp-json\/wp\/v2\/users\/1"}],"replies":[{"embeddable":true,"href":"https:\/\/cleanr.lv\/industry\/wp-json\/wp\/v2\/comments?post=790"}],"version-history":[{"count":53,"href":"https:\/\/cleanr.lv\/industry\/wp-json\/wp\/v2\/pages\/790\/revisions"}],"predecessor-version":[{"id":10135,"href":"https:\/\/cleanr.lv\/industry\/wp-json\/wp\/v2\/pages\/790\/revisions\/10135"}],"wp:attachment":[{"href":"https:\/\/cleanr.lv\/industry\/wp-json\/wp\/v2\/media?parent=790"}],"curies":[{"name":"wp","href":"https:\/\/api.w.org\/{rel}","templated":true}]}}