{"id":105,"date":"2021-01-14T12:26:15","date_gmt":"2021-01-14T12:26:15","guid":{"rendered":"https:\/\/cleanr.lv\/verso?page_id=105"},"modified":"2026-03-02T19:53:11","modified_gmt":"2026-03-02T19:53:11","slug":"par-mums","status":"publish","type":"page","link":"https:\/\/cleanr.lv\/verso\/par-mums\/","title":{"rendered":"Par mums"},"content":{"rendered":"","protected":false},"excerpt":{"rendered":"","protected":false},"author":1,"featured_media":0,"parent":0,"menu_order":1,"comment_status":"closed","ping_status":"closed","template":"template-about.php","meta":{"_acf_changed":false,"inline_featured_image":false,"footnotes":""},"class_list":["post-105","page","type-page","status-publish","hentry"],"acf":[],"yoast_head":"<!-- This site is optimized with the Yoast SEO plugin v27.0 - https:\/\/yoast.com\/product\/yoast-seo-wordpress\/ -->\n<title>Par Mums - CleanR Verso b\u016bvgru\u017eu izve\u0161anas pakalpojumi<\/title>\n<meta name=\"description\" content=\"Uzzini vair\u0101k par CleanR Verso, uz\u0146\u0113mumu, kas ir ilgtsp\u0113j\u012bgas vides apsaimnieko\u0161anas l\u012bderis, nodro\u0161inot aprites ekonomikas principu iev\u0113ro\u0161anu un resursu atg\u016b\u0161anu.\" \/>\n<meta name=\"robots\" content=\"index, follow, max-snippet:-1, max-image-preview:large, max-video-preview:-1\" \/>\n<link rel=\"canonical\" href=\"https:\/\/cleanr.lv\/verso\/par-mums\/\" \/>\n<meta property=\"og:locale\" content=\"en_US\" \/>\n<meta property=\"og:type\" content=\"article\" \/>\n<meta property=\"og:title\" content=\"Par Mums - CleanR Verso b\u016bvgru\u017eu izve\u0161anas pakalpojumi\" \/>\n<meta property=\"og:description\" content=\"Uzzini vair\u0101k par CleanR Verso, uz\u0146\u0113mumu, kas ir ilgtsp\u0113j\u012bgas vides apsaimnieko\u0161anas l\u012bderis, nodro\u0161inot aprites ekonomikas principu iev\u0113ro\u0161anu un resursu atg\u016b\u0161anu.\" \/>\n<meta property=\"og:url\" content=\"https:\/\/cleanr.lv\/verso\/par-mums\/\" \/>\n<meta property=\"og:site_name\" content=\"Verso\" \/>\n<meta property=\"article:modified_time\" content=\"2026-03-02T19:53:11+00:00\" \/>\n<meta name=\"twitter:card\" content=\"summary_large_image\" \/>\n<script type=\"application\/ld+json\" class=\"yoast-schema-graph\">{\"@context\":\"https:\/\/schema.org\",\"@graph\":[{\"@type\":\"WebPage\",\"@id\":\"https:\/\/cleanr.lv\/verso\/par-mums\/\",\"url\":\"https:\/\/cleanr.lv\/verso\/par-mums\/\",\"name\":\"Par Mums - CleanR Verso b\u016bvgru\u017eu izve\u0161anas pakalpojumi\",\"isPartOf\":{\"@id\":\"https:\/\/cleanr.lv\/verso\/#website\"},\"datePublished\":\"2021-01-14T12:26:15+00:00\",\"dateModified\":\"2026-03-02T19:53:11+00:00\",\"description\":\"Uzzini vair\u0101k par CleanR Verso, uz\u0146\u0113mumu, kas ir ilgtsp\u0113j\u012bgas vides apsaimnieko\u0161anas l\u012bderis, nodro\u0161inot aprites ekonomikas principu iev\u0113ro\u0161anu un resursu atg\u016b\u0161anu.\",\"breadcrumb\":{\"@id\":\"https:\/\/cleanr.lv\/verso\/par-mums\/#breadcrumb\"},\"inLanguage\":\"en-US\",\"potentialAction\":[{\"@type\":\"ReadAction\",\"target\":[\"https:\/\/cleanr.lv\/verso\/par-mums\/\"]}]},{\"@type\":\"BreadcrumbList\",\"@id\":\"https:\/\/cleanr.lv\/verso\/par-mums\/#breadcrumb\",\"itemListElement\":[{\"@type\":\"ListItem\",\"position\":1,\"name\":\"Home\",\"item\":\"https:\/\/cleanr.lv\/verso\/\"},{\"@type\":\"ListItem\",\"position\":2,\"name\":\"Par mums\"}]},{\"@type\":\"WebSite\",\"@id\":\"https:\/\/cleanr.lv\/verso\/#website\",\"url\":\"https:\/\/cleanr.lv\/verso\/\",\"name\":\"Verso\",\"description\":\"\",\"potentialAction\":[{\"@type\":\"SearchAction\",\"target\":{\"@type\":\"EntryPoint\",\"urlTemplate\":\"https:\/\/cleanr.lv\/verso\/?s={search_term_string}\"},\"query-input\":{\"@type\":\"PropertyValueSpecification\",\"valueRequired\":true,\"valueName\":\"search_term_string\"}}],\"inLanguage\":\"en-US\"}]}<\/script>\n<!-- \/ Yoast SEO plugin. -->","yoast_head_json":{"title":"Par Mums - CleanR Verso b\u016bvgru\u017eu izve\u0161anas pakalpojumi","description":"Uzzini vair\u0101k par CleanR Verso, uz\u0146\u0113mumu, kas ir ilgtsp\u0113j\u012bgas vides apsaimnieko\u0161anas l\u012bderis, nodro\u0161inot aprites ekonomikas principu iev\u0113ro\u0161anu un resursu atg\u016b\u0161anu.","robots":{"index":"index","follow":"follow","max-snippet":"max-snippet:-1","max-image-preview":"max-image-preview:large","max-video-preview":"max-video-preview:-1"},"canonical":"https:\/\/cleanr.lv\/verso\/par-mums\/","og_locale":"en_US","og_type":"article","og_title":"Par Mums - CleanR Verso b\u016bvgru\u017eu izve\u0161anas pakalpojumi","og_description":"Uzzini vair\u0101k par CleanR Verso, uz\u0146\u0113mumu, kas ir ilgtsp\u0113j\u012bgas vides apsaimnieko\u0161anas l\u012bderis, nodro\u0161inot aprites ekonomikas principu iev\u0113ro\u0161anu un resursu atg\u016b\u0161anu.","og_url":"https:\/\/cleanr.lv\/verso\/par-mums\/","og_site_name":"Verso","article_modified_time":"2026-03-02T19:53:11+00:00","twitter_card":"summary_large_image","schema":{"@context":"https:\/\/schema.org","@graph":[{"@type":"WebPage","@id":"https:\/\/cleanr.lv\/verso\/par-mums\/","url":"https:\/\/cleanr.lv\/verso\/par-mums\/","name":"Par Mums - CleanR Verso b\u016bvgru\u017eu izve\u0161anas pakalpojumi","isPartOf":{"@id":"https:\/\/cleanr.lv\/verso\/#website"},"datePublished":"2021-01-14T12:26:15+00:00","dateModified":"2026-03-02T19:53:11+00:00","description":"Uzzini vair\u0101k par CleanR Verso, uz\u0146\u0113mumu, kas ir ilgtsp\u0113j\u012bgas vides apsaimnieko\u0161anas l\u012bderis, nodro\u0161inot aprites ekonomikas principu iev\u0113ro\u0161anu un resursu atg\u016b\u0161anu.","breadcrumb":{"@id":"https:\/\/cleanr.lv\/verso\/par-mums\/#breadcrumb"},"inLanguage":"en-US","potentialAction":[{"@type":"ReadAction","target":["https:\/\/cleanr.lv\/verso\/par-mums\/"]}]},{"@type":"BreadcrumbList","@id":"https:\/\/cleanr.lv\/verso\/par-mums\/#breadcrumb","itemListElement":[{"@type":"ListItem","position":1,"name":"Home","item":"https:\/\/cleanr.lv\/verso\/"},{"@type":"ListItem","position":2,"name":"Par mums"}]},{"@type":"WebSite","@id":"https:\/\/cleanr.lv\/verso\/#website","url":"https:\/\/cleanr.lv\/verso\/","name":"Verso","description":"","potentialAction":[{"@type":"SearchAction","target":{"@type":"EntryPoint","urlTemplate":"https:\/\/cleanr.lv\/verso\/?s={search_term_string}"},"query-input":{"@type":"PropertyValueSpecification","valueRequired":true,"valueName":"search_term_string"}}],"inLanguage":"en-US"}]}},"_links":{"self":[{"href":"https:\/\/cleanr.lv\/verso\/wp-json\/wp\/v2\/pages\/105","targetHints":{"allow":["GET"]}}],"collection":[{"href":"https:\/\/cleanr.lv\/verso\/wp-json\/wp\/v2\/pages"}],"about":[{"href":"https:\/\/cleanr.lv\/verso\/wp-json\/wp\/v2\/types\/page"}],"author":[{"embeddable":true,"href":"https:\/\/cleanr.lv\/verso\/wp-json\/wp\/v2\/users\/1"}],"replies":[{"embeddable":true,"href":"https:\/\/cleanr.lv\/verso\/wp-json\/wp\/v2\/comments?post=105"}],"version-history":[{"count":89,"href":"https:\/\/cleanr.lv\/verso\/wp-json\/wp\/v2\/pages\/105\/revisions"}],"predecessor-version":[{"id":8844,"href":"https:\/\/cleanr.lv\/verso\/wp-json\/wp\/v2\/pages\/105\/revisions\/8844"}],"wp:attachment":[{"href":"https:\/\/cleanr.lv\/verso\/wp-json\/wp\/v2\/media?parent=105"}],"curies":[{"name":"wp","href":"https:\/\/api.w.org\/{rel}","templated":true}]}}