{"id":786,"date":"2021-02-03T12:37:05","date_gmt":"2021-02-03T12:37:05","guid":{"rendered":"https:\/\/cleanr.lv\/verso\/?page_id=786"},"modified":"2024-12-18T16:35:40","modified_gmt":"2024-12-18T16:35:40","slug":"verso-vakances","status":"publish","type":"page","link":"https:\/\/cleanr.lv\/verso\/verso-vakances\/","title":{"rendered":"Vakances"},"content":{"rendered":"","protected":false},"excerpt":{"rendered":"","protected":false},"author":1,"featured_media":0,"parent":0,"menu_order":0,"comment_status":"closed","ping_status":"closed","template":"template-vacancies.php","meta":{"_acf_changed":false,"inline_featured_image":false,"footnotes":""},"class_list":["post-786","page","type-page","status-publish","hentry"],"acf":[],"yoast_head":"<!-- This site is optimized with the Yoast SEO plugin v27.0 - https:\/\/yoast.com\/product\/yoast-seo-wordpress\/ -->\n<title>Pievienojies m\u016bsu komandai \u2013 Atv\u0113rt\u0101s Vakances CleanR Verso<\/title>\n<meta name=\"description\" content=\"Apskati jaun\u0101k\u0101s vakances CleanR Verso un atrodi savu ide\u0101lo darba vietu. Pied\u0101v\u0101jam da\u017e\u0101das poz\u012bcijas un iesp\u0113jas profesion\u0101lai izaugsmei\" \/>\n<meta name=\"robots\" content=\"index, follow, max-snippet:-1, max-image-preview:large, max-video-preview:-1\" \/>\n<link rel=\"canonical\" href=\"https:\/\/cleanr.lv\/verso\/verso-vakances\/\" \/>\n<meta property=\"og:locale\" content=\"en_US\" \/>\n<meta property=\"og:type\" content=\"article\" \/>\n<meta property=\"og:title\" content=\"Pievienojies m\u016bsu komandai \u2013 Atv\u0113rt\u0101s Vakances CleanR Verso\" \/>\n<meta property=\"og:description\" content=\"Apskati jaun\u0101k\u0101s vakances CleanR Verso un atrodi savu ide\u0101lo darba vietu. Pied\u0101v\u0101jam da\u017e\u0101das poz\u012bcijas un iesp\u0113jas profesion\u0101lai izaugsmei\" \/>\n<meta property=\"og:url\" content=\"https:\/\/cleanr.lv\/verso\/verso-vakances\/\" \/>\n<meta property=\"og:site_name\" content=\"Verso\" \/>\n<meta property=\"article:modified_time\" content=\"2024-12-18T16:35:40+00:00\" \/>\n<meta name=\"twitter:card\" content=\"summary_large_image\" \/>\n<script type=\"application\/ld+json\" class=\"yoast-schema-graph\">{\"@context\":\"https:\/\/schema.org\",\"@graph\":[{\"@type\":\"WebPage\",\"@id\":\"https:\/\/cleanr.lv\/verso\/verso-vakances\/\",\"url\":\"https:\/\/cleanr.lv\/verso\/verso-vakances\/\",\"name\":\"Pievienojies m\u016bsu komandai \u2013 Atv\u0113rt\u0101s Vakances CleanR Verso\",\"isPartOf\":{\"@id\":\"https:\/\/cleanr.lv\/verso\/#website\"},\"datePublished\":\"2021-02-03T12:37:05+00:00\",\"dateModified\":\"2024-12-18T16:35:40+00:00\",\"description\":\"Apskati jaun\u0101k\u0101s vakances CleanR Verso un atrodi savu ide\u0101lo darba vietu. Pied\u0101v\u0101jam da\u017e\u0101das poz\u012bcijas un iesp\u0113jas profesion\u0101lai izaugsmei\",\"breadcrumb\":{\"@id\":\"https:\/\/cleanr.lv\/verso\/verso-vakances\/#breadcrumb\"},\"inLanguage\":\"en-US\",\"potentialAction\":[{\"@type\":\"ReadAction\",\"target\":[\"https:\/\/cleanr.lv\/verso\/verso-vakances\/\"]}]},{\"@type\":\"BreadcrumbList\",\"@id\":\"https:\/\/cleanr.lv\/verso\/verso-vakances\/#breadcrumb\",\"itemListElement\":[{\"@type\":\"ListItem\",\"position\":1,\"name\":\"Home\",\"item\":\"https:\/\/cleanr.lv\/verso\/\"},{\"@type\":\"ListItem\",\"position\":2,\"name\":\"Vakances\"}]},{\"@type\":\"WebSite\",\"@id\":\"https:\/\/cleanr.lv\/verso\/#website\",\"url\":\"https:\/\/cleanr.lv\/verso\/\",\"name\":\"Verso\",\"description\":\"\",\"potentialAction\":[{\"@type\":\"SearchAction\",\"target\":{\"@type\":\"EntryPoint\",\"urlTemplate\":\"https:\/\/cleanr.lv\/verso\/?s={search_term_string}\"},\"query-input\":{\"@type\":\"PropertyValueSpecification\",\"valueRequired\":true,\"valueName\":\"search_term_string\"}}],\"inLanguage\":\"en-US\"}]}<\/script>\n<!-- \/ Yoast SEO plugin. -->","yoast_head_json":{"title":"Pievienojies m\u016bsu komandai \u2013 Atv\u0113rt\u0101s Vakances CleanR Verso","description":"Apskati jaun\u0101k\u0101s vakances CleanR Verso un atrodi savu ide\u0101lo darba vietu. Pied\u0101v\u0101jam da\u017e\u0101das poz\u012bcijas un iesp\u0113jas profesion\u0101lai izaugsmei","robots":{"index":"index","follow":"follow","max-snippet":"max-snippet:-1","max-image-preview":"max-image-preview:large","max-video-preview":"max-video-preview:-1"},"canonical":"https:\/\/cleanr.lv\/verso\/verso-vakances\/","og_locale":"en_US","og_type":"article","og_title":"Pievienojies m\u016bsu komandai \u2013 Atv\u0113rt\u0101s Vakances CleanR Verso","og_description":"Apskati jaun\u0101k\u0101s vakances CleanR Verso un atrodi savu ide\u0101lo darba vietu. Pied\u0101v\u0101jam da\u017e\u0101das poz\u012bcijas un iesp\u0113jas profesion\u0101lai izaugsmei","og_url":"https:\/\/cleanr.lv\/verso\/verso-vakances\/","og_site_name":"Verso","article_modified_time":"2024-12-18T16:35:40+00:00","twitter_card":"summary_large_image","schema":{"@context":"https:\/\/schema.org","@graph":[{"@type":"WebPage","@id":"https:\/\/cleanr.lv\/verso\/verso-vakances\/","url":"https:\/\/cleanr.lv\/verso\/verso-vakances\/","name":"Pievienojies m\u016bsu komandai \u2013 Atv\u0113rt\u0101s Vakances CleanR Verso","isPartOf":{"@id":"https:\/\/cleanr.lv\/verso\/#website"},"datePublished":"2021-02-03T12:37:05+00:00","dateModified":"2024-12-18T16:35:40+00:00","description":"Apskati jaun\u0101k\u0101s vakances CleanR Verso un atrodi savu ide\u0101lo darba vietu. Pied\u0101v\u0101jam da\u017e\u0101das poz\u012bcijas un iesp\u0113jas profesion\u0101lai izaugsmei","breadcrumb":{"@id":"https:\/\/cleanr.lv\/verso\/verso-vakances\/#breadcrumb"},"inLanguage":"en-US","potentialAction":[{"@type":"ReadAction","target":["https:\/\/cleanr.lv\/verso\/verso-vakances\/"]}]},{"@type":"BreadcrumbList","@id":"https:\/\/cleanr.lv\/verso\/verso-vakances\/#breadcrumb","itemListElement":[{"@type":"ListItem","position":1,"name":"Home","item":"https:\/\/cleanr.lv\/verso\/"},{"@type":"ListItem","position":2,"name":"Vakances"}]},{"@type":"WebSite","@id":"https:\/\/cleanr.lv\/verso\/#website","url":"https:\/\/cleanr.lv\/verso\/","name":"Verso","description":"","potentialAction":[{"@type":"SearchAction","target":{"@type":"EntryPoint","urlTemplate":"https:\/\/cleanr.lv\/verso\/?s={search_term_string}"},"query-input":{"@type":"PropertyValueSpecification","valueRequired":true,"valueName":"search_term_string"}}],"inLanguage":"en-US"}]}},"_links":{"self":[{"href":"https:\/\/cleanr.lv\/verso\/wp-json\/wp\/v2\/pages\/786","targetHints":{"allow":["GET"]}}],"collection":[{"href":"https:\/\/cleanr.lv\/verso\/wp-json\/wp\/v2\/pages"}],"about":[{"href":"https:\/\/cleanr.lv\/verso\/wp-json\/wp\/v2\/types\/page"}],"author":[{"embeddable":true,"href":"https:\/\/cleanr.lv\/verso\/wp-json\/wp\/v2\/users\/1"}],"replies":[{"embeddable":true,"href":"https:\/\/cleanr.lv\/verso\/wp-json\/wp\/v2\/comments?post=786"}],"version-history":[{"count":8,"href":"https:\/\/cleanr.lv\/verso\/wp-json\/wp\/v2\/pages\/786\/revisions"}],"predecessor-version":[{"id":8270,"href":"https:\/\/cleanr.lv\/verso\/wp-json\/wp\/v2\/pages\/786\/revisions\/8270"}],"wp:attachment":[{"href":"https:\/\/cleanr.lv\/verso\/wp-json\/wp\/v2\/media?parent=786"}],"curies":[{"name":"wp","href":"https:\/\/api.w.org\/{rel}","templated":true}]}}