{"id":8336,"date":"2023-06-28T09:09:40","date_gmt":"2023-06-28T09:09:40","guid":{"rendered":"https:\/\/cleanr.lv\/verso\/?page_id=8336"},"modified":"2024-12-18T16:33:09","modified_gmt":"2024-12-18T16:33:09","slug":"privatuma-politika-kandidatu-atlases-procesa","status":"publish","type":"page","link":"https:\/\/cleanr.lv\/verso\/privatuma-politika-kandidatu-atlases-procesa\/","title":{"rendered":"Priv\u0101tuma politika kandid\u0101tu atlases proces\u0101"},"content":{"rendered":"\n<p><\/p>\n\n\n\n<figure class=\"wp-block-table\"><table><tbody><tr><td><\/td><td class=\"has-text-align-right\" data-align=\"right\"><strong>APSTIPRIN\u0100JA<\/strong> <br>SIA \u201cCleanR Verso\u201d valdes locek\u013ci <br>Aleksandrs Ugorenko, Aldis Remesis <br><em>elektroniski Dokumentu vad\u012bbas sist\u0113m\u0101<\/em><\/td><td><\/td><\/tr><tr><td><\/td><td class=\"has-text-align-right\" data-align=\"right\"><strong>Priv\u0101tuma politika kandid\u0101tu atlases proces\u0101<\/strong><\/td><td><\/td><\/tr><tr><td>Procesa \u012bpa\u0161nieks<\/td><td class=\"has-text-align-right\" data-align=\"right\">Person\u0101la speci\u0101lists<\/td><td>1. versija<\/td><\/tr><\/tbody><\/table><\/figure>\n\n\n\n<p><\/p>\n\n\n\n<p><strong>1. Dokumenta m\u0113r\u0137is un lieto\u0161anas sf\u0113ra<\/strong><\/p>\n\n\n\n<p>CleanR Verso Kandid\u0101tu personas datu apstr\u0101des politikas m\u0113r\u0137is ir sniegt Kandid\u0101tam (datu subjektam) inform\u0101ciju par personas datu apstr\u0101des nol\u016bku, tiesisko pamatu, apjomu, aizsardz\u012bbu, termi\u0146u u.c. jaut\u0101jumiem datu ieg\u016b\u0161anas laik\u0101 un apstr\u0101d\u0101jot datu subjekta personas datus.<\/p>\n\n\n\n<p><strong>2.  Dokumenta v\u0113sture:<\/strong><\/p>\n\n\n\n<figure class=\"wp-block-table\"><table><tbody><tr><td><strong>Versijas Nr.<\/strong><\/td><td><strong>Sp\u0113k\u0101 no<\/strong><\/td><td><strong>Izmai\u0146as<\/strong><\/td><\/tr><tr><td>1<\/td><td>18.04.2023.<\/td><td>Jauns dokuments<\/td><\/tr><\/tbody><\/table><\/figure>\n\n\n\n<p><\/p>\n\n\n\n<p><strong>3. Visp\u0101r\u012bgie noteikumi<\/strong><\/p>\n\n\n\n<p>3.1. \u0160is dokuments apraksta, k\u0101 CleanR Verso veic Kandid\u0101tu personas datu apstr\u0101di.<\/p>\n\n\n\n<p>3.2. Saska\u0146\u0101 ar Ties\u012bbu aktiem datu aizsardz\u012bbas jom\u0101 CleanR Verso nodro\u0161ina Personas datu konfidencialit\u0101ti. CleanR Verso ir ieviesti atbilsto\u0161i tehniskie un organizatoriskie pas\u0101kumi Personas datu pasarg\u0101\u0161anai no nesankcion\u0113tas piek\u013cuves, pretlikum\u012bgas izpau\u0161anas, nejau\u0161as nozaud\u0113\u0161anas, izmain\u012b\u0161anas, izn\u012bcin\u0101\u0161anas vai jebk\u0101das citas pretlikum\u012bgas apstr\u0101des.<\/p>\n\n\n\n<p>3.3. CleanR Verso Personas dati tiek apstr\u0101d\u0101ti atbilsto\u0161i Eiropas Parlamenta un Padomes Regul\u0101 Nr.2016\/679 par fizisku personu aizsardz\u012bbu attiec\u012bb\u0101 uz personas datu apstr\u0101di un \u0161\u0101du datu br\u012bvu apriti (2016. gada 27.apr\u012blis) izvirz\u012btajiem krit\u0113rijiem, k\u0101 ar\u012b citiem piem\u0113rojamiem ties\u012bbu aktiem priv\u0101tuma un datu apstr\u0101des jom\u0101.<\/p>\n\n\n\n<p><\/p>\n\n\n\n<p><strong>4. P\u0101rzinis un kontaktinform\u0101cija<\/strong><\/p>\n\n\n\n<p>4.1. Personas datu p\u0101rzinis ir CleanR Verso, SIA (vienotais re\u0123istr\u0101cijas Nr. 40203387162, juridisk\u0101 adrese R\u012bga, Vietalvas iela 5, LV-1009):<\/p>\n\n\n\n<p><strong>5. Personas datu iev\u0101k\u0161anas avoti<\/strong><\/p>\n\n\n\n<p>5.1. Kandid\u0101ta personas dati tiek v\u0101kti tie\u0161\u0101 veid\u0101 no \u0161\u0101diem avotiem:<\/p>\n\n\n<ul id=\"unordered-list-block_649af15ee5bbe\" class=\"text-content__list\">\n                        <li class=\"text-content__item\">\n                J\u016bs k\u0101 Kandid\u0101ts patst\u0101v\u012bgi iesniedzat mums savus personas datus, piem\u0113ram, CV vai sarakst\u0113;\n            <\/li>\n                    <li class=\"text-content__item\">\n                CleanR Verso var l\u016bgt sniegt atsauksmi par Kandid\u0101tu k\u0101dam no iepriek\u0161\u0113jiem darba dev\u0113jiem, vienojoties par to ar Kandid\u0101tu;\n            <\/li>\n                    <li class=\"text-content__item\">\n                CleanR Verso var p\u0101rbaud\u012bt inform\u0101ciju par Kandid\u0101tu biznesa un nodarbin\u0101t\u012bbas m\u0113r\u0137iem paredz\u0113tajos soci\u0101lajos t\u012bklos, piem\u0113ram, LinkedIn;\n            <\/li>\n                    <li class=\"text-content__item\">\n                atsevi\u0161\u0137os gad\u012bjumos ar person\u0101la atlases uz\u0146\u0113mumu starpniec\u012bbu, ja Kandid\u0101ts izmanto CleanR grupas uz\u0146\u0113mumu partneru pakalpojumus;\n            <\/li>\n                    <li class=\"text-content__item\">\n                publiskas datu b\u0101zes.\n            <\/li>\n            <\/ul>\n\n\n<p>6. Personas datu kategorijas<\/p>\n\n\n\n<p>6.1. Personas dati ir jebkura inform\u0101cija par identific\u0113tu vai identific\u0113jamu fizisku personu. Personas datu apstr\u0101des m\u0113r\u0137u \u012bsteno\u0161anas ietvaros, kuri nor\u0101d\u012bti Politikas 7.punkt\u0101 CleanR Verso apstr\u0101d\u0101 un iev\u0101c \u0161\u0101dus datus:<\/p>\n\n\n<ul id=\"unordered-list-block_649af1bee5bc4\" class=\"text-content__list\">\n                        <li class=\"text-content__item\">\n                Identifik\u0101cijas dati, piem\u0113ram, v\u0101rds, uzv\u0101rds, personas kods, dzim\u0161anas datums, dati no personu apliecino\u0161iem dokumentiem (piem\u0113ram, pase, ID karte).\n            <\/li>\n                    <li class=\"text-content__item\">\n                Kontaktinform\u0101cija, piem\u0113ram, adrese, t\u0101lru\u0146a numurs, e-pasta adrese, sazi\u0146as valoda.\n            <\/li>\n                    <li class=\"text-content__item\">\n                Profesion\u0101lie dati, piem\u0113ram, izgl\u012bt\u012bba, darba st\u0101\u017es, amata nosaukums, licences, apm\u0101c\u012bbu sertifik\u0101ti u.tml.\n            <\/li>\n                    <li class=\"text-content__item\">\n                Rekomend\u0101cijas: biju\u0161\u0101 darba dev\u0113ja p\u0101rst\u0101vja identit\u0101te un kontaktinform\u0101cija, atsauksmes saturs.\n            <\/li>\n                    <li class=\"text-content__item\">\n                Atlases proces\u0101 rad\u012btie dati: testi, uzdevumi, intervijas un to laik\u0101 ieg\u016bt\u0101 inform\u0101cija;\n            <\/li>\n                    <li class=\"text-content__item\">\n                citi personas dati, ko kandid\u0101ts p\u0113c saviem ieskatiem ir iesniedzis.\n            <\/li>\n            <\/ul>\n\n\n<p>6.2. Ja kandid\u0101ts nesniegs iepriek\u0161 min\u0113tos personas datus (iz\u0146emot tos, kas sniegti saska\u0146\u0101 ar kandid\u0101ta piekri\u0161anu), CleanR Verso nevar\u0113s izv\u0113rt\u0113t kandid\u0101ta atbilst\u012bbu izsludin\u0101tajai vakancei un nevar\u0113s turpin\u0101t person\u0101la atlases procesu.<\/p>\n\n\n\n<p>6.3. CleanR Verso l\u016bdz nesniegt datus, kas b\u016btu uzskat\u0101mi par sensit\u012bviem Personas datiem (piem\u0113ram, zi\u0146as par savu vesel\u012bbas st\u0101vokli, politiskajiem uzskatiem vai \u0123imenes locek\u013ciem), k\u0101 ar\u012b citus datus, kas nav nepiecie\u0161ami atbilst\u012bbas konkr\u0113tajam amatam izv\u0113rt\u0113\u0161anai.<\/p>\n\n\n\n<p><\/p>\n\n\n\n<p><strong>7. Personas datu apstr\u0101des m\u0113r\u0137is<\/strong><\/p>\n\n\n\n<p>7.1. CleanR Verso apstr\u0101d\u0101 personas datus darbinieku atlases vajadz\u012bb\u0101m tikai uz konkr\u0113tu vakanto amata vietu vai sludin\u0101jum\u0101 nor\u0101d\u012btajam m\u0113r\u0137im.<\/p>\n\n\n\n<p>7.2. Atlases process \u0161\u012b dokumenta kontekst\u0101 noz\u012bm\u0113 uz konkr\u0113to vakanci ies\u016bt\u012bto pieteikumu administr\u0113\u0161ana, tai skait\u0101 pieteikumu izskat\u012b\u0161ana, atteikuma v\u0113stu\u013cu izs\u016bt\u012b\u0161ana, darba intervijas un kandid\u0101tu nov\u0113rt\u0113\u0161ana, k\u0101 ar\u012b darba tiesisko attiec\u012bbu nodibin\u0101\u0161ana.<\/p>\n\n\n\n<p>7.3. Personas datu apstr\u0101de var notikt ar\u012b atlases proces\u0101 radu\u0161os kandid\u0101ta pras\u012bjumu izskat\u012b\u0161anas un CleanR Verso ties\u012bbu un likum\u012bgo intere\u0161u aizsardz\u012bbas nol\u016bk\u0101.<\/p>\n\n\n\n<p><strong>8. Personas datu apstr\u0101des tiesiskais pamats<\/strong><\/p>\n\n\n\n<p>8.1. Personas datu apstr\u0101des tiesiskais pamats ir kandid\u0101ta piekri\u0161ana iesniegt savus datus un piedal\u012bties darbinieku atlases proces\u0101 uz vakanto amatu, k\u0101 ar\u012b normat\u012bvajos aktos noteikto pras\u012bbu izpilde darba tiesisko attiec\u012bbu nodibin\u0101\u0161anai, un CleanR Verso le\u0123it\u012bmo intere\u0161u iev\u0113ro\u0161ana, nodro\u0161inot efekt\u012bvus CleanR Verso p\u0101rvald\u012bbas un person\u0101la atlases procesus.<\/p>\n\n\n\n<p><strong>9. Datu pieejam\u012bba<\/strong><\/p>\n\n\n\n<p>9.1. Efekt\u012bvai atlases procesa nodro\u0161in\u0101\u0161anai, ja tas ir nepiecie\u0161ams saist\u012bb\u0101 ar vakanto amata vietu uz kuru kandid\u0101ts ir pieteicies, CleanR Verso var pilnvarot un var tikt pilnvarots veikt atsevi\u0161\u0137as atlases darb\u012bbas no CleanR grupas uz\u0146\u0113mumiem:<\/p>\n\n\n<ul id=\"unordered-list-block_649af268e5bcb\" class=\"text-content__list\">\n                        <li class=\"text-content__item\">\n                \u2022\tCleanR grupa, AS (vienotais re\u0123istr\u0101cijas Nr. 40103799972, juridisk\u0101 adrese R\u012bga, Vietalvas iela 5, LV-1009);\n            <\/li>\n                    <li class=\"text-content__item\">\n                \u2022\tClean R, SIA (vienotais re\u0123istr\u0101cijas Nr. 40003682818, juridisk\u0101 adrese R\u012bga, Vietalvas iela 5, LV-1009);\n            <\/li>\n                    <li class=\"text-content__item\">\n                \u2022\tVizii, SIA (vienotais re\u0123istr\u0101cijas Nr. 40203342270, juridisk\u0101 adrese R\u012bga, Vietalvas iela 5, LV-1009);\n            <\/li>\n                    <li class=\"text-content__item\">\n                \u2022\tVizii Urban, SIA (vienotais re\u0123istr\u0101cijas Nr. 40203413376, juridisk\u0101 adrese R\u012bga, Vietalvas iela 5B, LV-1009);\n            <\/li>\n                    <li class=\"text-content__item\">\n                \u2022\tN\u012aA Nami, SIA (vienotais re\u0123istr\u0101cijas Nr. 40003650140, juridisk\u0101 adrese R\u012bga, C\u0113su iela 31 K-1, LV-1012);\n            <\/li>\n                    <li class=\"text-content__item\">\n                \u2022\tVIZII MANAGEMENT, SIA (vienotais re\u0123istr\u0101cijas Nr. 40103625775, juridisk\u0101 adrese R\u012bga, C\u0113su iela 31, K-1, LV-1012);\n            <\/li>\n                    <li class=\"text-content__item\">\n                \u2022\tNebruk Jelgava, SIA (vienotais re\u0123istr\u0101cijas Nr. 40003519979, juridisk\u0101 adrese Jelgava, Sudrabu Ed\u017eus iela 3, LV-3001);\n            <\/li>\n                    <li class=\"text-content__item\">\n                \u2022\tJauntukums, SIA (vienotais re\u0123istr\u0101cijas Nr. 50003202011, juridisk\u0101 adrese Tukums, Tukuma novads, Avi\u0101cijas 18, LV-3101);\n            <\/li>\n            <\/ul>\n\n\n<p>turpm\u0101k &#8211; visi kop\u0101 CleanR grupa vai katrs atsevi\u0161\u0137i CleanR grupas uz\u0146\u0113mums.<\/p>\n\n\n\n<p><\/p>\n\n\n\n<p>9.2. CleanR Verso vai attiec\u012bgais CleanR grupas uz\u0146\u0113mums nodro\u0161in\u0101s personas datu apstr\u0101des un aizsardz\u012bbas pras\u012bbu izpildi atbilsto\u0161i CleanR grupas pras\u012bb\u0101m un ties\u012bbu aktiem, un neizmantos datus citos nol\u016bkos, k\u0101 tikai saist\u012bbu izpildei.<\/p>\n\n\n\n<p>9.3. CleanR Verso personas datus var nodot ar\u012b cit\u0101m, CleanR grup\u0101 neietilpsto\u0161\u0101m tre\u0161aj\u0101m person\u0101m, piem\u0113ram, uz\u0146\u0113mumiem, ar kuriem CleanR grupas uz\u0146\u0113mumam ir sadarb\u012bba person\u012bbas testu veik\u0161anai. Jebk\u0101da Personas datu nodo\u0161ana tiks veikta atbilsto\u0161i sp\u0113k\u0101 eso\u0161ajiem ties\u012bbu aktiem, kandid\u0101tu par to inform\u0113jot un sa\u0146emot kandid\u0101ta piekri\u0161anu.<\/p>\n\n\n\n<p><\/p>\n\n\n\n<p><strong>10. Glab\u0101\u0161anas periods<\/strong><\/p>\n\n\n\n<p>10.1. Kandid\u0101ta Personas dati tiks glab\u0101ti 6 m\u0113ne\u0161us p\u0113c atlases procesa beig\u0101m, proti, atteikuma pazi\u0146o\u0161anas uz konkr\u0113to vakanci, iz\u0146emot gad\u012bjumus, kad CleanR Verso vai CleanR grupas uz\u0146\u0113mums aizst\u0101v savas likumisk\u0101s intereses. \u0160\u0101d\u0101 gad\u012bjum\u0101 Personas dati tiks dz\u0113sti p\u0113c likumisko intere\u0161u aizst\u0101v\u012bbas procesa beig\u0101m. Kandid\u0101ts var izteikt l\u016bgumu Personas datus dz\u0113st \u0101tr\u0101k.<\/p>\n\n\n\n<p>10.2. Ja ir sa\u0146emta Kandid\u0101ta rakstiska piekri\u0161ana datu uzglab\u0101\u0161anai n\u0101kotnes vakanc\u0113m, tad personas dati tiek uzglab\u0101ti 12 m\u0113ne\u0161us p\u0113c attiec\u012bg\u0101s vakances konkursa beig\u0101m.<\/p>\n\n\n\n<p>10.3. Ja CleanR Verso nodibin\u0101s ar Kandid\u0101tu darba attiec\u012bb\u0101s, tad Kandid\u0101ta personas dati var tikt glab\u0101ti ilg\u0101k un to apstr\u0101dei ir piem\u0113rojami CleanR Verso iek\u0161\u0113jie noteikumi un normat\u012bvo aktu pras\u012bbas.<\/p>\n\n\n\n<p><\/p>\n\n\n\n<p><strong>11. Kandid\u0101tu k\u0101 datu subjektu ties\u012bbas<\/strong><\/p>\n\n\n\n<p>11.1. Kandid\u0101tam ir ties\u012bbas jebkur\u0101 br\u012bd\u012b izv\u0113l\u0113ties, dot vai nedot piekri\u0161anu savu personas datu apstr\u0101dei, k\u0101 ar\u012b jebkur\u0101 laik\u0101 viegli un \u0113rti, sazinoties ar CleanR Verso, atsaukt piekri\u0161anas, neietekm\u0113jot apstr\u0101di, kas veikta l\u012bdz atsaukuma br\u012bdim.<\/p>\n\n\n\n<p>11.2. Kandid\u0101ts var \u012bstenot normat\u012bvajos aktos noteikt\u0101s datu subjekta ties\u012bbas, tostarp ties\u012bbas sa\u0146emt inform\u0101ciju par saviem datiem, iebilst pret apstr\u0101di, tai skait\u0101 le\u0123it\u012bmo intere\u0161u izmanto\u0161anu, k\u0101 ar\u012b iesniegt pieteikumu par datu labo\u0161anu, dz\u0113\u0161anu, ierobe\u017eo\u0161anu un&nbsp; p\u0101rne\u0161anu, k\u0101 ar\u012b nepiecie\u0161am\u012bbas gad\u012bjum\u0101 iesniegt s\u016bdz\u012bbu uzraugo\u0161ajai iest\u0101dei personas datu apstr\u0101des jaut\u0101jumos (http:\/\/www.dvi.gov.lv\/lv).<\/p>\n\n\n\n<p>11.3. \u0160\u012bs ties\u012bbas \u012bstenojamas, cikt\u0101l datu apstr\u0101de neizriet no CleanR Verso pien\u0101kumiem, kas ir uzlikti ar ties\u012bbu aktiem.<\/p>\n\n\n\n<p><\/p>\n\n\n\n<p><strong>12. Kontaktinform\u0101cija<\/strong><\/p>\n\n\n\n<p>12.1. Jebk\u0101du jaut\u0101jumu vai neskaidr\u012bbu gad\u012bjum\u0101 saist\u012bb\u0101 ar \u0161o dokumentu vai Personas datu apstr\u0101di aicin\u0101m ar CleanR grupas uz\u0146\u0113mumu sazin\u0101ties, izmantojot zem\u0101k nor\u0101d\u012bto kontaktinform\u0101ciju vai ar CleanR grupas uz\u0146\u0113muma kontaktpersonu, ar kuru J\u016bs komunic\u0113jat par atlases procesu:<\/p>\n\n\n<ul id=\"unordered-list-block_649af33ee5bd4\" class=\"text-content__list\">\n                        <li class=\"text-content__item\">\n                \u2022\tCleanR grupa, AS (vienotais re\u0123istr\u0101cijas Nr. 40103799972, juridisk\u0101 adrese R\u012bga, Vietalvas iela 5, LV-1009);\n            <\/li>\n                    <li class=\"text-content__item\">\n                \u2022\tClean R, SIA (vienotais re\u0123istr\u0101cijas Nr. 40003682818, juridisk\u0101 adrese R\u012bga, Vietalvas iela 5, LV-1009);\n            <\/li>\n                    <li class=\"text-content__item\">\n                \u2022\tVizii, SIA (vienotais re\u0123istr\u0101cijas Nr. 40203342270, juridisk\u0101 adrese R\u012bga, Vietalvas iela 5, LV-1009);\n            <\/li>\n                    <li class=\"text-content__item\">\n                \u2022\tVizii Urban, SIA (vienotais re\u0123istr\u0101cijas Nr. 40203413376, juridisk\u0101 adrese R\u012bga, Vietalvas iela 5B, LV-1009);\n            <\/li>\n                    <li class=\"text-content__item\">\n                \u2022\tN\u012aA Nami, SIA (vienotais re\u0123istr\u0101cijas Nr. 40003650140, juridisk\u0101 adrese R\u012bga, C\u0113su iela 31 K-1, LV-1012);\n            <\/li>\n                    <li class=\"text-content__item\">\n                \u2022\tVIZII MANAGEMENT, SIA (vienotais re\u0123istr\u0101cijas Nr. 40103625775, juridisk\u0101 adrese R\u012bga, C\u0113su iela 31, K-1, LV-1012);\n            <\/li>\n                    <li class=\"text-content__item\">\n                \u2022\tNebruk Jelgava, SIA (vienotais re\u0123istr\u0101cijas Nr. 40003519979, juridisk\u0101 adrese Jelgava, Sudrabu Ed\u017eus iela 3, LV-3001);\n            <\/li>\n                    <li class=\"text-content__item\">\n                \u2022\tJauntukums, SIA (vienotais re\u0123istr\u0101cijas Nr. 50003202011, juridisk\u0101 adrese Tukums, Tukuma novads, Avi\u0101cijas 18, LV-3101);\n            <\/li>\n            <\/ul>\n\n\n<p><strong>13. Principu sp\u0113k\u0101 esam\u012bba un groz\u012bjumi<\/strong><\/p>\n\n\n\n<p>13.1. Principi st\u0101jas sp\u0113k\u0101 18.04.2023.<\/p>\n\n\n\n<p>13.2. CleanR grupa ir ties\u012bga jebkur\u0101 laik\u0101 vienpus\u0113ji groz\u012bt \u0161os Principus, iev\u0113rojot Normat\u012bvos ties\u012bbu aktus, ne v\u0113l\u0101k k\u0101 vienu m\u0113nesi pirms groz\u012bjumu st\u0101\u0161an\u0101s sp\u0113k\u0101 pazi\u0146ojot Kandid\u0101tiem par jebk\u0101diem groz\u012bjumiem.<\/p>\n\n\n\n<p><\/p>\n\n\n\n<p><strong>14. Saska\u0146ojumi un apstiprin\u0101jumi:<\/strong><\/p>\n\n\n\n<figure class=\"wp-block-table\"><table><tbody><tr><td><strong>Sagatavoja<\/strong><\/td><td>Em\u012bls B\u0113rzi\u0146\u0161, SIA \u201cClean R\u201d Kvalit\u0101tes un datu aizsardz\u012bbas speci\u0101lists<\/td><\/tr><tr><td><strong>Saska\u0146oja<\/strong><\/td><td>Elita T\u012bl\u012bte-K\u0101rkle, A\/S \u201cCleanR Grupa\u201d Grupas Person\u0101la direktore Di\u0101na Janpavle, SIA \u201cCleanR Verso\u201d person\u0101la speci\u0101liste<\/td><\/tr><tr><td><strong>Apstiprin\u0101ja<\/strong><\/td><td>SIA \u201cCleanR Verso\u201d valde elektroniski Dokumentu vad\u012bbas sist\u0113m\u0101 18.04.2023.<\/td><\/tr><\/tbody><\/table><\/figure>\n","protected":false},"excerpt":{"rendered":"<p>APSTIPRIN\u0100JA SIA \u201cCleanR Verso\u201d valdes locek\u013ci Aleksandrs Ugorenko, Aldis Remesis elektroniski Dokumentu vad\u012bbas sist\u0113m\u0101 Priv\u0101tuma politika kandid\u0101tu atlases proces\u0101 Procesa \u012bpa\u0161nieks Person\u0101la speci\u0101lists 1. versija 1. Dokumenta m\u0113r\u0137is un lieto\u0161anas sf\u0113ra CleanR Verso Kandid\u0101tu personas datu apstr\u0101des politikas m\u0113r\u0137is ir sniegt Kandid\u0101tam (datu subjektam) inform\u0101ciju par personas datu apstr\u0101des nol\u016bku, tiesisko pamatu, apjomu, aizsardz\u012bbu, termi\u0146u [&hellip;]<\/p>\n","protected":false},"author":2,"featured_media":0,"parent":0,"menu_order":0,"comment_status":"closed","ping_status":"closed","template":"","meta":{"_acf_changed":false,"inline_featured_image":false,"footnotes":""},"class_list":["post-8336","page","type-page","status-publish","hentry"],"acf":[],"yoast_head":"<!-- This site is optimized with the Yoast SEO plugin v27.0 - https:\/\/yoast.com\/product\/yoast-seo-wordpress\/ -->\n<title>Priv\u0101tuma Politika Atlases Proces\u0101 ar CleanR Verso<\/title>\n<meta name=\"description\" content=\"Iepaz\u012bsties ar m\u016bsu priv\u0101tuma politiku kandid\u0101tu atlases proces\u0101. Uzzini, k\u0101 CleanR Verso nodro\u0161ina Tavu datu aizsardz\u012bbu un konfidencialit\u0101ti.\" \/>\n<meta name=\"robots\" content=\"index, follow, max-snippet:-1, max-image-preview:large, max-video-preview:-1\" \/>\n<link rel=\"canonical\" href=\"https:\/\/cleanr.lv\/verso\/privatuma-politika-kandidatu-atlases-procesa\/\" \/>\n<meta property=\"og:locale\" content=\"en_US\" \/>\n<meta property=\"og:type\" content=\"article\" \/>\n<meta property=\"og:title\" content=\"Priv\u0101tuma Politika Atlases Proces\u0101 ar CleanR Verso\" \/>\n<meta property=\"og:description\" content=\"Iepaz\u012bsties ar m\u016bsu priv\u0101tuma politiku kandid\u0101tu atlases proces\u0101. Uzzini, k\u0101 CleanR Verso nodro\u0161ina Tavu datu aizsardz\u012bbu un konfidencialit\u0101ti.\" \/>\n<meta property=\"og:url\" content=\"https:\/\/cleanr.lv\/verso\/privatuma-politika-kandidatu-atlases-procesa\/\" \/>\n<meta property=\"og:site_name\" content=\"Verso\" \/>\n<meta property=\"article:modified_time\" content=\"2024-12-18T16:33:09+00:00\" \/>\n<meta name=\"twitter:card\" content=\"summary_large_image\" \/>\n<meta name=\"twitter:label1\" content=\"Est. reading time\" \/>\n\t<meta name=\"twitter:data1\" content=\"4 minutes\" \/>\n<script type=\"application\/ld+json\" class=\"yoast-schema-graph\">{\"@context\":\"https:\/\/schema.org\",\"@graph\":[{\"@type\":\"WebPage\",\"@id\":\"https:\/\/cleanr.lv\/verso\/privatuma-politika-kandidatu-atlases-procesa\/\",\"url\":\"https:\/\/cleanr.lv\/verso\/privatuma-politika-kandidatu-atlases-procesa\/\",\"name\":\"Priv\u0101tuma Politika Atlases Proces\u0101 ar CleanR Verso\",\"isPartOf\":{\"@id\":\"https:\/\/cleanr.lv\/verso\/#website\"},\"datePublished\":\"2023-06-28T09:09:40+00:00\",\"dateModified\":\"2024-12-18T16:33:09+00:00\",\"description\":\"Iepaz\u012bsties ar m\u016bsu priv\u0101tuma politiku kandid\u0101tu atlases proces\u0101. Uzzini, k\u0101 CleanR Verso nodro\u0161ina Tavu datu aizsardz\u012bbu un konfidencialit\u0101ti.\",\"breadcrumb\":{\"@id\":\"https:\/\/cleanr.lv\/verso\/privatuma-politika-kandidatu-atlases-procesa\/#breadcrumb\"},\"inLanguage\":\"en-US\",\"potentialAction\":[{\"@type\":\"ReadAction\",\"target\":[\"https:\/\/cleanr.lv\/verso\/privatuma-politika-kandidatu-atlases-procesa\/\"]}]},{\"@type\":\"BreadcrumbList\",\"@id\":\"https:\/\/cleanr.lv\/verso\/privatuma-politika-kandidatu-atlases-procesa\/#breadcrumb\",\"itemListElement\":[{\"@type\":\"ListItem\",\"position\":1,\"name\":\"Home\",\"item\":\"https:\/\/cleanr.lv\/verso\/\"},{\"@type\":\"ListItem\",\"position\":2,\"name\":\"Priv\u0101tuma politika kandid\u0101tu atlases proces\u0101\"}]},{\"@type\":\"WebSite\",\"@id\":\"https:\/\/cleanr.lv\/verso\/#website\",\"url\":\"https:\/\/cleanr.lv\/verso\/\",\"name\":\"Verso\",\"description\":\"\",\"potentialAction\":[{\"@type\":\"SearchAction\",\"target\":{\"@type\":\"EntryPoint\",\"urlTemplate\":\"https:\/\/cleanr.lv\/verso\/?s={search_term_string}\"},\"query-input\":{\"@type\":\"PropertyValueSpecification\",\"valueRequired\":true,\"valueName\":\"search_term_string\"}}],\"inLanguage\":\"en-US\"}]}<\/script>\n<!-- \/ Yoast SEO plugin. -->","yoast_head_json":{"title":"Priv\u0101tuma Politika Atlases Proces\u0101 ar CleanR Verso","description":"Iepaz\u012bsties ar m\u016bsu priv\u0101tuma politiku kandid\u0101tu atlases proces\u0101. Uzzini, k\u0101 CleanR Verso nodro\u0161ina Tavu datu aizsardz\u012bbu un konfidencialit\u0101ti.","robots":{"index":"index","follow":"follow","max-snippet":"max-snippet:-1","max-image-preview":"max-image-preview:large","max-video-preview":"max-video-preview:-1"},"canonical":"https:\/\/cleanr.lv\/verso\/privatuma-politika-kandidatu-atlases-procesa\/","og_locale":"en_US","og_type":"article","og_title":"Priv\u0101tuma Politika Atlases Proces\u0101 ar CleanR Verso","og_description":"Iepaz\u012bsties ar m\u016bsu priv\u0101tuma politiku kandid\u0101tu atlases proces\u0101. Uzzini, k\u0101 CleanR Verso nodro\u0161ina Tavu datu aizsardz\u012bbu un konfidencialit\u0101ti.","og_url":"https:\/\/cleanr.lv\/verso\/privatuma-politika-kandidatu-atlases-procesa\/","og_site_name":"Verso","article_modified_time":"2024-12-18T16:33:09+00:00","twitter_card":"summary_large_image","twitter_misc":{"Est. reading time":"4 minutes"},"schema":{"@context":"https:\/\/schema.org","@graph":[{"@type":"WebPage","@id":"https:\/\/cleanr.lv\/verso\/privatuma-politika-kandidatu-atlases-procesa\/","url":"https:\/\/cleanr.lv\/verso\/privatuma-politika-kandidatu-atlases-procesa\/","name":"Priv\u0101tuma Politika Atlases Proces\u0101 ar CleanR Verso","isPartOf":{"@id":"https:\/\/cleanr.lv\/verso\/#website"},"datePublished":"2023-06-28T09:09:40+00:00","dateModified":"2024-12-18T16:33:09+00:00","description":"Iepaz\u012bsties ar m\u016bsu priv\u0101tuma politiku kandid\u0101tu atlases proces\u0101. Uzzini, k\u0101 CleanR Verso nodro\u0161ina Tavu datu aizsardz\u012bbu un konfidencialit\u0101ti.","breadcrumb":{"@id":"https:\/\/cleanr.lv\/verso\/privatuma-politika-kandidatu-atlases-procesa\/#breadcrumb"},"inLanguage":"en-US","potentialAction":[{"@type":"ReadAction","target":["https:\/\/cleanr.lv\/verso\/privatuma-politika-kandidatu-atlases-procesa\/"]}]},{"@type":"BreadcrumbList","@id":"https:\/\/cleanr.lv\/verso\/privatuma-politika-kandidatu-atlases-procesa\/#breadcrumb","itemListElement":[{"@type":"ListItem","position":1,"name":"Home","item":"https:\/\/cleanr.lv\/verso\/"},{"@type":"ListItem","position":2,"name":"Priv\u0101tuma politika kandid\u0101tu atlases proces\u0101"}]},{"@type":"WebSite","@id":"https:\/\/cleanr.lv\/verso\/#website","url":"https:\/\/cleanr.lv\/verso\/","name":"Verso","description":"","potentialAction":[{"@type":"SearchAction","target":{"@type":"EntryPoint","urlTemplate":"https:\/\/cleanr.lv\/verso\/?s={search_term_string}"},"query-input":{"@type":"PropertyValueSpecification","valueRequired":true,"valueName":"search_term_string"}}],"inLanguage":"en-US"}]}},"_links":{"self":[{"href":"https:\/\/cleanr.lv\/verso\/wp-json\/wp\/v2\/pages\/8336","targetHints":{"allow":["GET"]}}],"collection":[{"href":"https:\/\/cleanr.lv\/verso\/wp-json\/wp\/v2\/pages"}],"about":[{"href":"https:\/\/cleanr.lv\/verso\/wp-json\/wp\/v2\/types\/page"}],"author":[{"embeddable":true,"href":"https:\/\/cleanr.lv\/verso\/wp-json\/wp\/v2\/users\/2"}],"replies":[{"embeddable":true,"href":"https:\/\/cleanr.lv\/verso\/wp-json\/wp\/v2\/comments?post=8336"}],"version-history":[{"count":2,"href":"https:\/\/cleanr.lv\/verso\/wp-json\/wp\/v2\/pages\/8336\/revisions"}],"predecessor-version":[{"id":8338,"href":"https:\/\/cleanr.lv\/verso\/wp-json\/wp\/v2\/pages\/8336\/revisions\/8338"}],"wp:attachment":[{"href":"https:\/\/cleanr.lv\/verso\/wp-json\/wp\/v2\/media?parent=8336"}],"curies":[{"name":"wp","href":"https:\/\/api.w.org\/{rel}","templated":true}]}}