{"id":8767,"date":"2025-09-18T12:41:17","date_gmt":"2025-09-18T12:41:17","guid":{"rendered":"https:\/\/cleanr.lv\/verso\/?page_id=8767"},"modified":"2026-03-04T07:00:13","modified_gmt":"2026-03-04T07:00:13","slug":"cenradis","status":"publish","type":"page","link":"https:\/\/cleanr.lv\/verso\/cenradis\/","title":{"rendered":"Cenr\u0101dis"},"content":{"rendered":"\n<p>JAUKTU, NE\u0160\u0136IROTU B\u016aVNIEC\u012aBAS ATKRITUMU (ATKRITUMU KLASE 170904) APSAIMNIEKO\u0160ANAS CENA AR SPECIALIZ\u0112T\u0100 TRANSPORTA PAKALPOJUMIEM P\u0112C FAKTISK\u0100 APJOMA. CENAS NOR\u0100D\u012aTAS EUR BEZ PVN.<\/p>\n\n\n\n<figure class=\"wp-block-table table-vertical-center\"><table><tbody><tr><td class=\"has-text-align-left\" data-align=\"left\" rowspan=\"2\">\n            Objekta atra\u0161an\u0101s vieta A, B, C un D zona\n            p\u0113c zon\u0113juma\n        <\/td><td class=\"has-text-align-center\" data-align=\"center\" colspan=\"8\">\n            Konteinera tilpums (m3\n            ) un cena EUR bez PVN par vienu nomai\u0146as vai\n            no\u0146em\u0161anas reizi ar transportu p\u0113c zon\u0113juma\n        <\/td><\/tr><tr><td class=\"has-text-align-left\" data-align=\"left\">4 m3<\/td><td class=\"has-text-align-center\" data-align=\"center\">5,5 m3<\/td><td>7 m3<\/td><td>8,5 m3<\/td><td>10 m3<\/td><td>15 m3<\/td><td>20 m3<\/td><td>30 m3<\/td><\/tr><tr><td class=\"has-text-align-left\" data-align=\"left\">\n            A Zona &#8211; Vecr\u012bga, Centrs, Andrejsala, Skanste,\n            D\u0101rzciems, Purvciems, Me\u017eciems, Jugla, P\u013cavnieki,\n            Teika, Ulbroka,\n            Dreili\u0146i, Upeslejas, L\u012b\u010di, \u0136engarags, Rumbula,\n            D\u0101rzi\u0146i, Salaspils, Saurie\u0161i\n        <\/td><td class=\"has-text-align-center\" data-align=\"center\">132.00<\/td><td>181.50<\/td><td>231.00<\/td><td>280.50<\/td><td>330.00<\/td><td>495.00<\/td><td>660.00<\/td><td>990.00<\/td><\/tr><tr><td class=\"has-text-align-left\" data-align=\"left\">\n            B Zona &#8211; \u0136ekava, Balo\u017ei, Medemciems, Valdlau\u010di,\n            T\u012braine, M\u0101rupe, Ziepniekkalns, \u0100genskalns,\n            I\u013c\u0123uciems, Imanta,\n            Lidosta \u201cR\u012bga\u201d, Zolit\u016bde, Sarkandaugava, M\u012blgr\u0101vis,\n            Me\u017eaparks, \u010ciekurkalns, Jaunciems, Su\u017ei, Bukulti,\n            Baltezers, \u0100da\u017ei, Garkalne, Ber\u0123i, Upesciems,\n            Langstini, Mucenieki, Za\u0137umui\u017ea, Ropa\u017ei, T\u012bn\u016b\u017ei,\n            Saulkalne, Ik\u0161\u0137ile, Ogre\n        <\/td><td class=\"has-text-align-center\" data-align=\"center\">152.00<\/td><td>201.50<\/td><td>251.00<\/td><td>300.50<\/td><td>350.00<\/td><td>515.00<\/td><td>680.00<\/td><td>1010.00<\/td><\/tr><tr><td class=\"has-text-align-left\" data-align=\"left\">\n            C Zona &#8211; Daugmale, Baldone, Dz\u0113rumi, Olaine,\n            Jaunm\u0101rupe, Lapsas, tuv\u0101 J\u016brmala (l\u012bdz Pumpuriem\n            ieskaitot), Skulte,\n            Pi\u0146\u0137i, Bab\u012bte, Spilve, Kleisti, Bu\u013c\u013ci, Voleri, Bolder\u0101ja,\n            Daugavgr\u012bva, Vecm\u012blgr\u0101vis, Vecdaugava,\n            Manga\u013csal\u0101, Vec\u0101\u0137i, Tr\u012bsciems, Kalngale, Garupe,\n            Carnikava, Kadaga, Vanga\u017ei, Tum\u0161upe, Ogresgals,\n            Ciemupe, \u0136egums\n        <\/td><td class=\"has-text-align-center\" data-align=\"center\">172.00<\/td><td>221.50<\/td><td>271.00<\/td><td>320.50<\/td><td>370.00<\/td><td>535.00<\/td><td>700.00<\/td><td>1030.00<\/td><\/tr><tr><td class=\"has-text-align-left\" data-align=\"left\">\n            D Zona &#8211; Vecumnieki, Iecava, Ozolnieki, Jelgava,\n            Kalnciems, Sloka, \u0136emeri, t\u0101l\u0101 J\u016brmala (no\n            Mellu\u017eiem), Saulkrasti, Zvejniekciems, Ragana,\n            In\u010dukalns, Turaida, Sigulda, Alla\u017ei, M\u0101lpils, Sunta\u017ei,\n            \u0136eipene, Lielv\u0101rde\n        <\/td><td class=\"has-text-align-center\" data-align=\"center\">192.00<\/td><td>241.50<\/td><td>291.00<\/td><td>340.50<\/td><td>390.00<\/td><td>555.00<\/td><td>720.00<\/td><td>1050.00<\/td><\/tr><\/tbody><\/table><\/figure>\n\n\n\n<p>Gad\u012bjumos, ja pie izkrau\u0161anas lielgabar\u012btu atkritumu konteiner\u0101, tiek konstat\u0113ts vair\u0101k k\u0101 5% stikla, sadz\u012bves, tekstila atkritumu, biolo\u0123iskie atkritumu piemais\u012bjums vai celmi, izded\u017ei\/pelni, riepas, elektrotehnika, lampas, spuldzes, kr\u0101sas un lakas un citi b\u012bstamie atkritumi, tiek piem\u0113rots neatbilsto\u0161as kravas tarifs 56.00 EUR\/m3 atbilsto\u0161i neatbilsto\u0161u atkritumu apjomam.<\/p>\n\n\n\n<h3 class=\"wp-block-heading\">KONTEINERU PARAMETRI, V\u0112RT\u012aBA UN NOMAS MAKSA<\/h3>\n\n\n\n<figure class=\"wp-block-table table-text-center table-vertical-center\"><table class=\"has-fixed-layout\"><tbody><tr><td rowspan=\"2\">Tilpums (m3)<\/td><td rowspan=\"2\">Pie\u013caujam\u0101 celtsp\u0113ja (t)<\/td><td rowspan=\"2\">LK nomas maksa<\/td><td colspan=\"3\">Konteinera izm\u0113ri<\/td><\/tr><tr><td>Augstums (cm)<\/td><td>Platums (cm)<\/td><td>Garums (cm)<\/td><\/tr><tr><td>4<\/td><td>3.5-7<\/td><td rowspan=\"6\">S\u0101kot no 15. (piecpadsmit\u0101s) kalend\u0101r\u0101s dienas 5.00<\/td><td>100<\/td><td>177<\/td><td>283<\/td><\/tr><tr><td>5.5<\/td><td>3.5-7<\/td><td>126<\/td><td>178<\/td><td>308<\/td><\/tr><tr><td>7<\/td><td>7<\/td><td>155<\/td><td>180<\/td><td>375<\/td><\/tr><tr><td>8.5<\/td><td>7<\/td><td>145<\/td><td>180<\/td><td>410<\/td><\/tr><tr><td>10<\/td><td>7<\/td><td>180<\/td><td>180<\/td><td>410<\/td><\/tr><tr><td>10 ar durv\u012bm<\/td><td>12<\/td><td>110<\/td><td>250<\/td><td>510<\/td><\/tr><tr><td>15 ar durv\u012bm<\/td><td>12<\/td><td rowspan=\"3\">S\u0101kot no 8. (astot\u0101s) kalend\u0101r\u0101s dienas 10.00<\/td><td>120<\/td><td>250<\/td><td>600<\/td><\/tr><tr><td>20 ar durv\u012bm<\/td><td>12<\/td><td>180<\/td><td>250<\/td><td>600<\/td><\/tr><tr><td>30 ar durv\u012bm<\/td><td>12<\/td><td>240<\/td><td>250<\/td><td>600<\/td><\/tr><\/tbody><\/table><\/figure>\n\n\n\n<p><strong>Papildus nosac\u012bjumi un izcenojumi:<\/strong><\/p>\n\n\n\n<p><strong>Visas cenas ir uzr\u0101d\u012btas bez PVN 21%.<\/strong><\/p>\n\n\n\n<h3 class=\"wp-block-heading\">IEV\u0112R\u012aBAI!!!<\/h3>\n\n\n<ul id=\"unordered-list-block_a7698a30c33c53f79a528a3f6a2efbef\" class=\"text-content__list\">\n                        <li class=\"text-content__item\">\n                Konstat\u0113jot faktu, ka Pas\u016bt\u012bt\u0101js ir p\u0101rk\u0101pis LK maksim\u0101lo apjomu (p\u0101rkrauts p\u0101ri LK mal\u0101m) vai slodzi (nevar pacelt), nav nodro\u0161in\u0101ta piek\u013cuve objektam, u.c. &#8211; pakalpojums netiek sniegts l\u012bdz piln\u012bgai neatbilst\u012bbu nov\u0113r\u0161anai. \n            <\/li>\n                    <li class=\"text-content__item\">\n                K\u0101 ar\u012b Pas\u016bt\u012bt\u0101jam ir pien\u0101kums apmaks\u0101t Izpild\u012bt\u0101ja r\u0113\u0137inu par transporta izdevumiem abos virzienos p\u0113c zon\u0113juma ( A zona &#8211; 60,00 EUR; B zona &#8211; 80,00 EUR; C zona &#8211; 100,00 EUR; D zona &#8211; 150,00 EUR un \u0101rpus D zonas \u2013 2.30 EUR\/ km ); \n            <\/li>\n                    <li class=\"text-content__item\">\n                Konteinera p\u0101rvieto\u0161ana objekta robe\u017e\u0101s p\u0113c Pas\u016bt\u012bt\u0101ja piepras\u012bjuma, pakalpojuma snieg\u0161anas laik\u0101 (l\u012bdz 350m) \u2013 20.00 EUR\/ 1 reize;\n            <\/li>\n                    <li class=\"text-content__item\">\n                Konteinera p\u0101rvieto\u0161ana bez citas darb\u012bbas objekt\u0101 p\u0113c Pas\u016bt\u012bt\u0101ja piepras\u012bjuma, Pas\u016bt\u012bt\u0101jam tiek piest\u0101d\u012btas transporta izmaksas p\u0113c att\u0101luma no b\u0101zes (km) l\u012bdz Pas\u016bt\u012bt\u0101ja objektam un papildus p\u0101rvieto\u0161ana \u2013 20.00 EUR\/ 1 reize; \n            <\/li>\n                    <li class=\"text-content__item\">\n                D\u012bkst\u0101ves maksa objekt\u0101 tiek apr\u0113\u0137in\u0101ta s\u0101kot ar 15 min. &#8211; 60,00 EUR\/h, kad Izpild\u012bt\u0101js no savas puses ir savlaic\u012bgi inform\u0113jis Pas\u016bt\u012bt\u0101ja kontaktpersonu par pl\u0101noto Pakalpojuma izpildes laiku. Attiecin\u0101ms ar\u012b uz gad\u012bjumiem, kad Izpild\u012bt\u0101js inform\u0113jot Pas\u016bt\u012bt\u0101ju vienojas un gaida, kad tiks veikta LK uzkrau\u0161ana vai apjoma\/svara nokrau\u0161ana.\n            <\/li>\n            <\/ul>\n\n\n<h3 class=\"wp-block-heading\">SAZI\u0145AI SIA \u201cCLEANR VERSO\u201d KLIENTU APKALPO\u0160ANAS CENTRA KONTAKTI:<\/h3>\n\n\n\n<p>T\u0101lrunis LK pieteikumiem (uzlik\u0161ana, nomai\u0146a, no\u0146em\u0161ana) un cita svar\u012bga inform\u0101cija vai jaut\u0101jumi e-pasts: <a href=\"mailto:kc@cleanrverso.lv\">kc@cleanrverso.lv<\/a>; t\u0101lr.<a href=\"tel:+371 67130000\">+371 67130000<\/a>; <a href=\"tel:+371 29805880\">+371 29805880<\/a> un WhatsApp sazi\u0146a (darba dien\u0101s no plkst. 8:00 l\u012bdz 18:00).<\/p>\n\n\n\n<p>Pakalpojumi tiek sniegti darba dien\u0101s, k\u0101 ar\u012b sestdien\u0101s un sv\u0113tku dien\u0101s, iepriek\u0161 par laiku savstarp\u0113ji vienojoties.<\/p>\n\n\n\n<p><\/p>\n","protected":false},"excerpt":{"rendered":"<p>JAUKTU, NE\u0160\u0136IROTU B\u016aVNIEC\u012aBAS ATKRITUMU (ATKRITUMU KLASE 170904) APSAIMNIEKO\u0160ANAS CENA AR SPECIALIZ\u0112T\u0100 TRANSPORTA PAKALPOJUMIEM P\u0112C FAKTISK\u0100 APJOMA. CENAS NOR\u0100D\u012aTAS EUR BEZ PVN. Objekta atra\u0161an\u0101s vieta A, B, C un D zona p\u0113c zon\u0113juma Konteinera tilpums (m3 ) un cena EUR bez PVN par vienu nomai\u0146as vai no\u0146em\u0161anas reizi ar transportu p\u0113c zon\u0113juma 4 m3 5,5 m3 [&hellip;]<\/p>\n","protected":false},"author":2,"featured_media":0,"parent":0,"menu_order":0,"comment_status":"closed","ping_status":"closed","template":"","meta":{"_acf_changed":false,"inline_featured_image":false,"footnotes":""},"class_list":["post-8767","page","type-page","status-publish","hentry"],"acf":[],"yoast_head":"<!-- This site is optimized with the Yoast SEO plugin v27.0 - https:\/\/yoast.com\/product\/yoast-seo-wordpress\/ -->\n<title>Cenr\u0101dis - Verso<\/title>\n<meta name=\"robots\" content=\"index, follow, max-snippet:-1, max-image-preview:large, max-video-preview:-1\" \/>\n<link rel=\"canonical\" href=\"https:\/\/cleanr.lv\/verso\/cenradis\/\" \/>\n<meta property=\"og:locale\" content=\"en_US\" \/>\n<meta property=\"og:type\" content=\"article\" \/>\n<meta property=\"og:title\" content=\"Cenr\u0101dis - Verso\" \/>\n<meta property=\"og:description\" content=\"JAUKTU, NE\u0160\u0136IROTU B\u016aVNIEC\u012aBAS ATKRITUMU (ATKRITUMU KLASE 170904) APSAIMNIEKO\u0160ANAS CENA AR SPECIALIZ\u0112T\u0100 TRANSPORTA PAKALPOJUMIEM P\u0112C FAKTISK\u0100 APJOMA. CENAS NOR\u0100D\u012aTAS EUR BEZ PVN. Objekta atra\u0161an\u0101s vieta A, B, C un D zona p\u0113c zon\u0113juma Konteinera tilpums (m3 ) un cena EUR bez PVN par vienu nomai\u0146as vai no\u0146em\u0161anas reizi ar transportu p\u0113c zon\u0113juma 4 m3 5,5 m3 [&hellip;]\" \/>\n<meta property=\"og:url\" content=\"https:\/\/cleanr.lv\/verso\/cenradis\/\" \/>\n<meta property=\"og:site_name\" content=\"Verso\" \/>\n<meta property=\"article:modified_time\" content=\"2026-03-04T07:00:13+00:00\" \/>\n<meta name=\"twitter:card\" content=\"summary_large_image\" \/>\n<meta name=\"twitter:label1\" content=\"Est. reading time\" \/>\n\t<meta name=\"twitter:data1\" content=\"2 minutes\" \/>\n<script type=\"application\/ld+json\" class=\"yoast-schema-graph\">{\"@context\":\"https:\/\/schema.org\",\"@graph\":[{\"@type\":\"WebPage\",\"@id\":\"https:\/\/cleanr.lv\/verso\/cenradis\/\",\"url\":\"https:\/\/cleanr.lv\/verso\/cenradis\/\",\"name\":\"Cenr\u0101dis - Verso\",\"isPartOf\":{\"@id\":\"https:\/\/cleanr.lv\/verso\/#website\"},\"datePublished\":\"2025-09-18T12:41:17+00:00\",\"dateModified\":\"2026-03-04T07:00:13+00:00\",\"breadcrumb\":{\"@id\":\"https:\/\/cleanr.lv\/verso\/cenradis\/#breadcrumb\"},\"inLanguage\":\"en-US\",\"potentialAction\":[{\"@type\":\"ReadAction\",\"target\":[\"https:\/\/cleanr.lv\/verso\/cenradis\/\"]}]},{\"@type\":\"BreadcrumbList\",\"@id\":\"https:\/\/cleanr.lv\/verso\/cenradis\/#breadcrumb\",\"itemListElement\":[{\"@type\":\"ListItem\",\"position\":1,\"name\":\"Home\",\"item\":\"https:\/\/cleanr.lv\/verso\/\"},{\"@type\":\"ListItem\",\"position\":2,\"name\":\"Cenr\u0101dis\"}]},{\"@type\":\"WebSite\",\"@id\":\"https:\/\/cleanr.lv\/verso\/#website\",\"url\":\"https:\/\/cleanr.lv\/verso\/\",\"name\":\"Verso\",\"description\":\"\",\"potentialAction\":[{\"@type\":\"SearchAction\",\"target\":{\"@type\":\"EntryPoint\",\"urlTemplate\":\"https:\/\/cleanr.lv\/verso\/?s={search_term_string}\"},\"query-input\":{\"@type\":\"PropertyValueSpecification\",\"valueRequired\":true,\"valueName\":\"search_term_string\"}}],\"inLanguage\":\"en-US\"}]}<\/script>\n<!-- \/ Yoast SEO plugin. -->","yoast_head_json":{"title":"Cenr\u0101dis - Verso","robots":{"index":"index","follow":"follow","max-snippet":"max-snippet:-1","max-image-preview":"max-image-preview:large","max-video-preview":"max-video-preview:-1"},"canonical":"https:\/\/cleanr.lv\/verso\/cenradis\/","og_locale":"en_US","og_type":"article","og_title":"Cenr\u0101dis - Verso","og_description":"JAUKTU, NE\u0160\u0136IROTU B\u016aVNIEC\u012aBAS ATKRITUMU (ATKRITUMU KLASE 170904) APSAIMNIEKO\u0160ANAS CENA AR SPECIALIZ\u0112T\u0100 TRANSPORTA PAKALPOJUMIEM P\u0112C FAKTISK\u0100 APJOMA. CENAS NOR\u0100D\u012aTAS EUR BEZ PVN. Objekta atra\u0161an\u0101s vieta A, B, C un D zona p\u0113c zon\u0113juma Konteinera tilpums (m3 ) un cena EUR bez PVN par vienu nomai\u0146as vai no\u0146em\u0161anas reizi ar transportu p\u0113c zon\u0113juma 4 m3 5,5 m3 [&hellip;]","og_url":"https:\/\/cleanr.lv\/verso\/cenradis\/","og_site_name":"Verso","article_modified_time":"2026-03-04T07:00:13+00:00","twitter_card":"summary_large_image","twitter_misc":{"Est. reading time":"2 minutes"},"schema":{"@context":"https:\/\/schema.org","@graph":[{"@type":"WebPage","@id":"https:\/\/cleanr.lv\/verso\/cenradis\/","url":"https:\/\/cleanr.lv\/verso\/cenradis\/","name":"Cenr\u0101dis - Verso","isPartOf":{"@id":"https:\/\/cleanr.lv\/verso\/#website"},"datePublished":"2025-09-18T12:41:17+00:00","dateModified":"2026-03-04T07:00:13+00:00","breadcrumb":{"@id":"https:\/\/cleanr.lv\/verso\/cenradis\/#breadcrumb"},"inLanguage":"en-US","potentialAction":[{"@type":"ReadAction","target":["https:\/\/cleanr.lv\/verso\/cenradis\/"]}]},{"@type":"BreadcrumbList","@id":"https:\/\/cleanr.lv\/verso\/cenradis\/#breadcrumb","itemListElement":[{"@type":"ListItem","position":1,"name":"Home","item":"https:\/\/cleanr.lv\/verso\/"},{"@type":"ListItem","position":2,"name":"Cenr\u0101dis"}]},{"@type":"WebSite","@id":"https:\/\/cleanr.lv\/verso\/#website","url":"https:\/\/cleanr.lv\/verso\/","name":"Verso","description":"","potentialAction":[{"@type":"SearchAction","target":{"@type":"EntryPoint","urlTemplate":"https:\/\/cleanr.lv\/verso\/?s={search_term_string}"},"query-input":{"@type":"PropertyValueSpecification","valueRequired":true,"valueName":"search_term_string"}}],"inLanguage":"en-US"}]}},"_links":{"self":[{"href":"https:\/\/cleanr.lv\/verso\/wp-json\/wp\/v2\/pages\/8767","targetHints":{"allow":["GET"]}}],"collection":[{"href":"https:\/\/cleanr.lv\/verso\/wp-json\/wp\/v2\/pages"}],"about":[{"href":"https:\/\/cleanr.lv\/verso\/wp-json\/wp\/v2\/types\/page"}],"author":[{"embeddable":true,"href":"https:\/\/cleanr.lv\/verso\/wp-json\/wp\/v2\/users\/2"}],"replies":[{"embeddable":true,"href":"https:\/\/cleanr.lv\/verso\/wp-json\/wp\/v2\/comments?post=8767"}],"version-history":[{"count":19,"href":"https:\/\/cleanr.lv\/verso\/wp-json\/wp\/v2\/pages\/8767\/revisions"}],"predecessor-version":[{"id":8850,"href":"https:\/\/cleanr.lv\/verso\/wp-json\/wp\/v2\/pages\/8767\/revisions\/8850"}],"wp:attachment":[{"href":"https:\/\/cleanr.lv\/verso\/wp-json\/wp\/v2\/media?parent=8767"}],"curies":[{"name":"wp","href":"https:\/\/api.w.org\/{rel}","templated":true}]}}